{"id":132,"date":"2019-09-30T15:16:40","date_gmt":"2019-09-30T13:16:40","guid":{"rendered":"http:\/\/wildermuell-lebensgefahrfuertiere.de\/?page_id=132"},"modified":"2020-03-08T14:44:48","modified_gmt":"2020-03-08T13:44:48","slug":"impressum","status":"publish","type":"page","link":"https:\/\/wildermuell-lebensgefahrfuertiere.de\/index.php\/impressum\/","title":{"rendered":"Impressum"},"content":{"rendered":"<p>[et_pb_section fb_built=&#8220;1&#8243; custom_padding_last_edited=&#8220;on|phone&#8220; admin_label=&#8220;Header&#8220; _builder_version=&#8220;3.22.6&#8243; background_color=&#8220;#ffde7f&#8220; custom_padding=&#8220;100px||0vw|||&#8220; custom_padding_tablet=&#8220;40px|||&#8220; custom_padding_phone=&#8220;0px||0px|||&#8220; locked=&#8220;off&#8220;][et_pb_row column_structure=&#8220;2_5,3_5&#8243; custom_padding_last_edited=&#8220;on|desktop&#8220; _builder_version=&#8220;3.25&#8243; custom_margin=&#8220;|||&#8220; custom_padding=&#8220;|30px||30px||true&#8220; custom_padding_tablet=&#8220;40px||&#8220; custom_padding_phone=&#8220;&#8220; box_shadow_style=&#8220;preset7&#8243; box_shadow_horizontal=&#8220;0px&#8220; box_shadow_vertical=&#8220;154px&#8220; box_shadow_color=&#8220;#ffffff&#8220;][et_pb_column type=&#8220;2_5&#8243; _builder_version=&#8220;3.25&#8243; custom_padding=&#8220;|||&#8220; custom_padding_last_edited=&#8220;off|desktop&#8220; custom_padding__hover=&#8220;|||&#8220;][et_pb_text _builder_version=&#8220;4.2.2&#8243; text_font=&#8220;Roboto|700|||||||&#8220; text_font_size=&#8220;18px&#8220; text_line_height=&#8220;1.8em&#8220; locked=&#8220;off&#8220;]<\/p>\n<p>Kontakt<\/p>\n<p>[\/et_pb_text][\/et_pb_column][et_pb_column type=&#8220;3_5&#8243; _builder_version=&#8220;3.25&#8243; custom_padding=&#8220;|||&#8220; custom_padding_tablet=&#8220;16px||&#8220; custom_padding_phone=&#8220;&#8220; custom_padding_last_edited=&#8220;on|desktop&#8220; custom_padding__hover=&#8220;|||&#8220;][et_pb_text _builder_version=&#8220;3.27.4&#8243; header_font=&#8220;Lora||||||||&#8220; header_text_color=&#8220;#000000&#8243; header_font_size=&#8220;78px&#8220; header_letter_spacing=&#8220;-1px&#8220; header_line_height=&#8220;1.1em&#8220; header_font_size_tablet=&#8220;56px&#8220; header_font_size_phone=&#8220;40px&#8220; header_font_size_last_edited=&#8220;on|phone&#8220; locked=&#8220;off&#8220;]<\/p>\n<h1>Impressum<\/h1>\n<p>[\/et_pb_text][\/et_pb_column][\/et_pb_row][et_pb_row _builder_version=&#8220;3.25&#8243; width=&#8220;100%&#8220; max_width=&#8220;100%&#8220; custom_padding=&#8220;0px||0px|||&#8220;][et_pb_column type=&#8220;4_4&#8243; _builder_version=&#8220;3.25&#8243; custom_padding=&#8220;|||&#8220; custom_padding__hover=&#8220;|||&#8220;][et_pb_image src=&#8220;https:\/\/wildermuell-lebensgefahrfuertiere.de\/wp-content\/uploads\/2019\/09\/food-bank_57.png&#8220; align=&#8220;right&#8220; align_tablet=&#8220;center&#8220; align_phone=&#8220;&#8220; align_last_edited=&#8220;on|desktop&#8220; _builder_version=&#8220;4.3.1&#8243;][\/et_pb_image][\/et_pb_column][\/et_pb_row][\/et_pb_section][et_pb_section fb_built=&#8220;1&#8243; admin_label=&#8220;Contact Info&#8220; _builder_version=&#8220;3.22.5&#8243;][et_pb_row use_custom_gutter=&#8220;on&#8220; make_equal=&#8220;on&#8220; _builder_version=&#8220;4.2.2&#8243; locked=&#8220;off&#8220;][et_pb_column type=&#8220;4_4&#8243; _builder_version=&#8220;3.25&#8243; custom_padding=&#8220;|||&#8220; custom_padding__hover=&#8220;|||&#8220;][et_pb_divider color=&#8220;#c6e28b&#8220; divider_weight=&#8220;40px&#8220; _builder_version=&#8220;3.22.5&#8243; z_index=&#8220;-10&#8243; max_width=&#8220;360px&#8220; height=&#8220;40px&#8220; custom_margin=&#8220;||-34px|-40px&#8220;][\/et_pb_divider][et_pb_text _builder_version=&#8220;3.27.4&#8243; text_font=&#8220;||||||||&#8220; text_font_size=&#8220;20px&#8220; text_line_height=&#8220;2em&#8220; header_font=&#8220;||||||||&#8220; header_2_font=&#8220;Lora|700|||||||&#8220; header_2_font_size=&#8220;60px&#8220; header_2_line_height=&#8220;1.2em&#8220; max_width=&#8220;930px&#8220; module_alignment=&#8220;left&#8220; custom_margin=&#8220;|275px||||&#8220; custom_padding=&#8220;|0px||||&#8220; text_font_size_tablet=&#8220;&#8220; text_font_size_phone=&#8220;16px&#8220; text_font_size_last_edited=&#8220;on|desktop&#8220; header_2_font_size_tablet=&#8220;48px&#8220; header_2_font_size_phone=&#8220;32px&#8220; header_2_font_size_last_edited=&#8220;on|tablet&#8220;]<\/p>\n<h2>Kontakt Info<\/h2>\n<p>Dies ist die Webseite des Projekts &#8222;Wilder M\u00fcll &#8211; Lebensgefahr f\u00fcr Tiere.&#8220;\u00a0<br \/>Mit Unterst\u00fctzung des NABU Bezirksverbandes Krefeld\/Viersen e.V.<\/p>\n<p>[\/et_pb_text][\/et_pb_column][\/et_pb_row][et_pb_row column_structure=&#8220;1_3,1_3,1_3&#8243; _builder_version=&#8220;3.25&#8243; locked=&#8220;off&#8220;][et_pb_column type=&#8220;1_3&#8243; _builder_version=&#8220;3.25&#8243; custom_padding=&#8220;|||&#8220; custom_padding__hover=&#8220;|||&#8220;][et_pb_text _builder_version=&#8220;3.27.4&#8243; text_font_size=&#8220;16px&#8220; text_line_height=&#8220;2em&#8220; header_font=&#8220;||||||||&#8220; header_3_font=&#8220;Lora|700|||||||&#8220; header_3_text_color=&#8220;#74ba57&#8243; header_3_font_size=&#8220;20px&#8220; header_3_line_height=&#8220;1.2em&#8220; header_4_font=&#8220;Lora|700|||||||&#8220; header_4_font_size=&#8220;16px&#8220; header_4_line_height=&#8220;1.4em&#8220; width_tablet=&#8220;auto&#8220; width_phone=&#8220;auto&#8220; width_last_edited=&#8220;on|desktop&#8220;]<\/p>\n<h3>Inhaber der Webseite<\/h3>\n<p>NABU Bezirksverband Krefeld\/Viersen e.V.<br \/>Gesch\u00e4ftsstelle<br \/>Talring 45<\/p>\n<p>47802 Krefeld<\/p>\n<h4>Kontakt:<\/h4>\n<p>Telefon: +49 2151 618700<br \/>Fax: +49 2151 618751<br \/> Mail: info (at) nabu-krefeld-viersen.de<\/p>\n<h4>Gesch\u00e4ftszeiten:<\/h4>\n<p>Mo. \u2013 Do. 09:00 &#8211; 12:00 Uhr.<\/p>\n<p>[\/et_pb_text][\/et_pb_column][et_pb_column type=&#8220;1_3&#8243; _builder_version=&#8220;3.25&#8243; custom_padding=&#8220;|||&#8220; custom_padding__hover=&#8220;|||&#8220;][et_pb_text _builder_version=&#8220;4.2.2&#8243; text_font=&#8220;||||||||&#8220; text_font_size=&#8220;16px&#8220; text_line_height=&#8220;2em&#8220; header_font=&#8220;||||||||&#8220; header_3_font=&#8220;Lora|700|||||||&#8220; header_3_text_color=&#8220;#74ba57&#8243; header_3_font_size=&#8220;20px&#8220; header_3_line_height=&#8220;1.2em&#8220; header_4_font=&#8220;Lora|700|||||||&#8220; header_4_font_size=&#8220;16px&#8220; header_4_line_height=&#8220;1.4em&#8220; width_tablet=&#8220;auto&#8220; width_phone=&#8220;auto&#8220; width_last_edited=&#8220;on|desktop&#8220; locked=&#8220;off&#8220;]<\/p>\n<h3>Verantwortlich f\u00fcr den Inhalt<\/h3>\n<p><span style=\"font-size: 16px;\">Elita Grafke &amp; Benno Grafke<\/span><\/p>\n<p><span>Pirolstra\u00dfe 21<\/span><br \/> <span>47877 Willich<\/span><span style=\"font-size: 16px;\">\u00a0<\/span><\/p>\n<h4>Kontakt:<\/h4>\n<p><span style=\"font-size: 16px;\">Mail: info (at) wildermuell-lebensgefahrfuertiere.de<\/span><\/p>\n<p><span style=\"color: #333333; font-family: Lora, Georgia, 'Times New Roman', serif; font-size: 16px; font-weight: bold;\"><\/span><\/p>\n<p><span style=\"font-size: 16px;\"><\/span><\/p>\n<p>&nbsp;<\/p>\n<p>&nbsp;<\/p>\n<p>&nbsp;<\/p>\n<p>[\/et_pb_text][\/et_pb_column][et_pb_column type=&#8220;1_3&#8243; _builder_version=&#8220;3.25&#8243; custom_padding=&#8220;|||&#8220; custom_padding__hover=&#8220;|||&#8220;][et_pb_text _builder_version=&#8220;4.2.2&#8243; text_font=&#8220;||||||||&#8220; text_font_size=&#8220;16px&#8220; text_line_height=&#8220;2em&#8220; header_3_font=&#8220;Lora|700|||||||&#8220; header_3_text_color=&#8220;#74ba57&#8243; header_4_font=&#8220;Lora|700|||||||&#8220; header_4_font_size=&#8220;16px&#8220;]<\/p>\n<h3>Technischer Ansprechpartner<\/h3>\n<p><span style=\"font-size: 16px;\">Klaus Keipke<br \/><\/span><span style=\"font-size: 16px;\">NABU Bezirksverband Krefeld\/Viersen e.V.<\/span><\/p>\n<h4>Kontakt:<\/h4>\n<p><span style=\"font-size: 16px;\">klaus.keipke (at) nabu-krefeld-viersen.de<\/span><span style=\"font-size: 16px;\">\u00a0<\/span><\/p>\n<p>&nbsp;<\/p>\n<p>[\/et_pb_text][\/et_pb_column][\/et_pb_row][et_pb_row column_structure=&#8220;1_4,1_4,1_4,1_4&#8243; _builder_version=&#8220;4.3.1&#8243;][et_pb_column type=&#8220;1_4&#8243; _builder_version=&#8220;4.3.1&#8243;][et_pb_image src=&#8220;https:\/\/wildermuell-lebensgefahrfuertiere.de\/wp-content\/uploads\/2020\/02\/Logo_WM_Website_2.png&#8220; _builder_version=&#8220;4.3.1&#8243; width=&#8220;100%&#8220;][\/et_pb_image][\/et_pb_column][et_pb_column type=&#8220;1_4&#8243; _builder_version=&#8220;4.3.1&#8243;][et_pb_text _builder_version=&#8220;4.3.1&#8243;]<\/p>\n<p><b>Das auf dieser Seite verwendete Logo &#8222;Wilder M\u00fcll &#8211; Lebensgefahr f\u00fcr Tiere&#8220; ist ein eingetragenes Warenzeichen des NABU Bezirksverbandes Krefeld \/Viersen e.V.<\/b><\/p>\n<p>[\/et_pb_text][\/et_pb_column][et_pb_column type=&#8220;1_4&#8243; _builder_version=&#8220;4.3.1&#8243;][et_pb_image src=&#8220;https:\/\/wildermuell-lebensgefahrfuertiere.de\/wp-content\/uploads\/2020\/02\/designable_Mail.png&#8220; align=&#8220;center&#8220; _builder_version=&#8220;4.3.1&#8243;][\/et_pb_image][\/et_pb_column][et_pb_column type=&#8220;1_4&#8243; _builder_version=&#8220;4.3.1&#8243;][et_pb_text _builder_version=&#8220;4.3.1&#8243;]<\/p>\n<p><strong>Mit Unterst\u00fctzung von designable<\/strong><br \/><strong>Claire Stommel &amp; Nadine Vostatek<\/strong><br \/><strong>Mail: hello (at) designable.eu<\/strong><\/p>\n<p>&nbsp;<\/p>\n<p>[\/et_pb_text][\/et_pb_column][\/et_pb_row][et_pb_row column_structure=&#8220;1_2,1_2&#8243; _builder_version=&#8220;4.2.2&#8243;][et_pb_column type=&#8220;1_2&#8243; _builder_version=&#8220;4.2.2&#8243;][et_pb_blurb title=&#8220;Angaben zum Urheberrecht&#8220; _builder_version=&#8220;4.3.1&#8243; animation_style=&#8220;zoom&#8220;]<\/p>\n<p>Alle auf dieser Webseite dargestellten Inhalte, also insbesondere Texte, Bilder, Fotos, grafische Darstellungen, Musiken, Marken, Warenzeichen, unterliegen den Normen des deutschen Urheberrechts. Die Verwendung, Vervielf\u00e4ltigung usw. unterliegt den Rechten der jeweiligen Urheber bzw. Rechteverwalter. Wenn Sie solche Werke verwenden wollen, werden wir auf Anfrage gerne den Kontakt zum jeweiligen Urheber\/Rechteverwalter herstellen.<\/p>\n<p>&nbsp;<\/p>\n<p><span>Sollte eines der gezeigten Bilder\/Grafiken gegen geltendes Copyright\/Urheberrecht versto\u00dfen, so bitten wir um Mitteilung, wir werden das entsprechende Bild\/Grafik dann umgehend entfernen.<\/span><\/p>\n<p>&nbsp;<\/p>\n<p>&nbsp;<\/p>\n<p>&nbsp;<\/p>\n<p>[\/et_pb_blurb][\/et_pb_column][et_pb_column type=&#8220;1_2&#8243; _builder_version=&#8220;4.2.2&#8243;][et_pb_blurb title=&#8220;Pflichtangaben des NABU Bezirksverbandes Krefeld\/Viersen e.V.&#8220; _builder_version=&#8220;4.3.1&#8243; custom_padding=&#8220;0px||||false|false&#8220; animation_style=&#8220;zoom&#8220; locked=&#8220;off&#8220;]<\/p>\n<p><strong>Registergericht<\/strong><br \/> Amtsgericht Krefeld, Registernummer: VR 1783<br \/> Vertretungsberechtigter <a href=\"https:\/\/nabu-krefeld-viersen.de\/wir-ueber-uns\/unser-vorstand\/\">Vorstand<\/a>:\u00a0Reiner Rosendahl,\u00a0Peter Kolshorn<\/p>\n<p><strong>Angaben nach RStV:<\/strong><\/p>\n<p>Vertretungsberechtigte Person(en):<br \/> 1. Vorsitzender: Reiner Rosendahl<br \/> Achterberg 9<br \/> 47906 Kempen<br \/> <a title=\"Opens internal link in current window\" class=\"mail\">reiner.rosendahl (at) nabu-krefeld-viersen.de<\/a><\/p>\n<p>2. Vorsitzender: Peter Kolshorn<br \/> 41372 Niederkr\u00fcchten<br \/> <a>peter.kolshorn (at) nabu-krefeld-viersen.de<\/a><\/p>\n<p>[\/et_pb_blurb][\/et_pb_column][\/et_pb_row][et_pb_row _builder_version=&#8220;4.3.1&#8243;][et_pb_column type=&#8220;4_4&#8243; _builder_version=&#8220;4.3.1&#8243;][et_pb_text _builder_version=&#8220;4.3.1&#8243;]<\/p>\n<p>HAFTUNGSAUSSCHLUSS<\/p>\n<p><strong>Inhalt des Webangebotes<\/strong><\/p>\n<p>Der NABU Bezirksverband Krefeld\/Viersen e.V. ist bem\u00fcht, sein Webangebot stets aktuell und inhaltlich richtig sowie vollst\u00e4ndig anzubieten. Dennoch ist das Auftreten von Fehlern nicht v\u00f6llig auszuschlie\u00dfen.<\/p>\n<p>Der NABU Bezirksverband Krefeld\/Viersen e.V. \u00fcbernimmt keine Haftung f\u00fcr die Aktualit\u00e4t, die inhaltliche Richtigkeit sowie f\u00fcr die Vollst\u00e4ndigkeit der in seinem Webangebot eingestellten Informationen, es sei denn, die Fehler wurden vors\u00e4tzlich oder grob fahrl\u00e4ssig aufgenommen. Dies bezieht sich auf eventuelle Sch\u00e4den materieller oder ideeller Art Dritter, die durch die Nutzung dieses Webangebotes verursacht wurden.<\/p>\n<p>&nbsp;<\/p>\n<p><strong>Externe Verweise und Links<\/strong><\/p>\n<p>Der NABU Bezirksverband Krefeld\/Viersen e.V. erkl\u00e4rt hiermit ausdr\u00fccklich, dass zum Zeitpunkt der Linksetzung keine illegalen Inhalte auf den zu verlinkenden Seiten erkennbar waren. Auf die aktuelle und zuk\u00fcnftige Gestaltung, die Inhalte oder die Urheberschaft der verlinkten Seiten hat der NABU\u00a0Krefeld\/Viersen\u00a0keinerlei Einfluss. Deshalb distanziert er sich hiermit ausdr\u00fccklich von allen Inhalten aller verlinkten Seiten, die nach der Linksetzung ver\u00e4ndert wurden. Diese Feststellung gilt f\u00fcr alle innerhalb des eigenen Internetangebotes gesetzten Links und Verweise. F\u00fcr illegale, fehlerhafte oder unvollst\u00e4ndige Inhalte und insbesondere f\u00fcr Sch\u00e4den, die aus der Nutzung oder Nichtnutzung solcherart dargebotener Informationen entstehen, haftet allein der Anbieter der Seite, auf welche verwiesen wurde, nicht derjenige, der \u00fcber Links auf die jeweilige Ver\u00f6ffentlichung lediglich verweist.<\/p>\n<p><strong>Rechtswirksamkeit<\/strong><\/p>\n<p>Dieser Haftungsausschluss ist Teil des Internetangebotes des NABU Bezirksverband Krefeld\/Viersen e.V.. Sofern einzelne Formulierungen oder Teile dieses Textes der geltenden Rechtslage nicht mehr oder nicht mehr vollst\u00e4ndig entsprechen, bleiben die \u00fcbrigen Teile dieser Erkl\u00e4rung davon unber\u00fchrt.<\/p>\n<p>[\/et_pb_text][\/et_pb_column][\/et_pb_row][\/et_pb_section][et_pb_section fb_built=&#8220;1&#8243; admin_label=&#8220;Events&#8220; _builder_version=&#8220;4.4.0&#8243; background_size=&#8220;initial&#8220; background_position=&#8220;top_center&#8220; hover_enabled=&#8220;0&#8243; locked=&#8220;off&#8220; background_enable_image=&#8220;off&#8220;][et_pb_row _builder_version=&#8220;4.4.0&#8243;][et_pb_column _builder_version=&#8220;4.4.0&#8243; type=&#8220;4_4&#8243;][et_pb_image src=&#8220;https:\/\/wildermuell-lebensgefahrfuertiere.de\/wp-content\/uploads\/2020\/03\/nabu_wmgft_logo_magenta.png&#8220; _builder_version=&#8220;4.4.0&#8243; width=&#8220;35%&#8220; align=&#8220;center&#8220; hover_enabled=&#8220;0&#8243;][\/et_pb_image][\/et_pb_column][\/et_pb_row][\/et_pb_section][et_pb_section fb_built=&#8220;1&#8243; fullwidth=&#8220;on&#8220; _builder_version=&#8220;3.22.5&#8243; locked=&#8220;off&#8220;][et_pb_fullwidth_image src=&#8220;http:\/\/wildermuell-lebensgefahrfuertiere.de\/wp-content\/uploads\/2019\/09\/food-bank_56.png&#8220; _builder_version=&#8220;3.22.5&#8243;][\/et_pb_fullwidth_image][\/et_pb_section][et_pb_section fb_built=&#8220;1&#8243; admin_label=&#8220;Footer&#8220; _builder_version=&#8220;4.3.1&#8243; background_color=&#8220;#121214&#8243; background_image=&#8220;https:\/\/wildermuell-lebensgefahrfuertiere.de\/wp-content\/uploads\/2019\/09\/food-bank_57.png&#8220; background_size=&#8220;initial&#8220; background_position=&#8220;bottom_right&#8220; custom_padding=&#8220;8vw||11vw||false|&#8220; locked=&#8220;off&#8220;][et_pb_row column_structure=&#8220;2_5,3_5&#8243; custom_padding_last_edited=&#8220;on|desktop&#8220; _builder_version=&#8220;4.2.2&#8243; custom_margin=&#8220;|||&#8220; custom_padding=&#8220;|30px||30px||true&#8220; custom_padding_tablet=&#8220;40px||&#8220; custom_padding_phone=&#8220;&#8220; box_shadow_style=&#8220;preset7&#8243; box_shadow_horizontal=&#8220;0px&#8220; box_shadow_vertical=&#8220;154px&#8220; box_shadow_color=&#8220;rgba(116,186,87,0.8)&#8220; locked=&#8220;off&#8220;][et_pb_column type=&#8220;2_5&#8243; _builder_version=&#8220;3.25&#8243; custom_padding=&#8220;|||&#8220; custom_padding_last_edited=&#8220;off|desktop&#8220; custom_padding__hover=&#8220;|||&#8220;][et_pb_text _builder_version=&#8220;4.2.2&#8243; text_font=&#8220;Roboto|700|||||||&#8220; text_font_size=&#8220;18px&#8220; text_line_height=&#8220;1.8em&#8220; background_layout=&#8220;dark&#8220; locked=&#8220;off&#8220;]<\/p>\n<p><span>Helfen sie uns durch eine Spende.<\/span><\/p>\n<p>[\/et_pb_text][\/et_pb_column][et_pb_column type=&#8220;3_5&#8243; _builder_version=&#8220;4.2.2&#8243; custom_padding=&#8220;|||&#8220; custom_padding_tablet=&#8220;16px||&#8220; custom_padding_phone=&#8220;&#8220; custom_padding_last_edited=&#8220;on|desktop&#8220; custom_padding__hover=&#8220;|||&#8220;][et_pb_text _builder_version=&#8220;3.27.4&#8243; text_font=&#8220;||||||||&#8220; header_font=&#8220;Lora||||||||&#8220; header_font_size=&#8220;78px&#8220; header_letter_spacing=&#8220;-1px&#8220; header_line_height=&#8220;1.1em&#8220; background_layout=&#8220;dark&#8220; header_font_size_tablet=&#8220;56px&#8220; header_font_size_phone=&#8220;40px&#8220; header_font_size_last_edited=&#8220;on|phone&#8220; locked=&#8220;off&#8220;]<\/p>\n<h1>Unterst\u00fctzen sie unser\u00a0<span style=\"color: #74ba57;\"><em>Projekt<\/em><\/span>\u00a0<br \/><strong>Heute<\/strong>!<\/h1>\n<p>[\/et_pb_text][et_pb_button button_text=&#8220;Jetzt Spenden!&#8220; button_alignment=&#8220;right&#8220; _builder_version=&#8220;4.2.2&#8243; custom_button=&#8220;on&#8220; button_text_size=&#8220;17px&#8220; button_text_color=&#8220;#ffffff&#8220; button_bg_color=&#8220;#74ba57&#8243; button_border_width=&#8220;0px&#8220; button_border_radius=&#8220;0px&#8220; button_font=&#8220;Roboto||||||||&#8220; custom_padding=&#8220;14px|28px|14px|28px|true|true&#8220; locked=&#8220;off&#8220;][\/et_pb_button][\/et_pb_column][\/et_pb_row][\/et_pb_section]<\/p>\n","protected":false},"excerpt":{"rendered":"<p>KontaktImpressumKontakt Info Dies ist die Webseite des Projekts &#8222;Wilder M\u00fcll &#8211; Lebensgefahr f\u00fcr Tiere.&#8220;\u00a0Mit Unterst\u00fctzung des NABU Bezirksverbandes Krefeld\/Viersen e.V.Inhaber der Webseite NABU Bezirksverband Krefeld\/Viersen e.V.Gesch\u00e4ftsstelleTalring 45 47802 Krefeld Kontakt: Telefon: +49 2151 618700Fax: +49 2151 618751 Mail: info (at) nabu-krefeld-viersen.de Gesch\u00e4ftszeiten: Mo. \u2013 Do. 09:00 &#8211; 12:00 Uhr.Verantwortlich f\u00fcr den Inhalt Elita Grafke &amp; [&hellip;]<\/p>\n","protected":false},"author":4,"featured_media":0,"parent":0,"menu_order":0,"comment_status":"closed","ping_status":"closed","template":"","meta":{"_et_pb_use_builder":"on","_et_pb_old_content":"","_et_gb_content_width":"","footnotes":""},"folder":[],"class_list":["post-132","page","type-page","status-publish","hentry"],"_links":{"self":[{"href":"https:\/\/wildermuell-lebensgefahrfuertiere.de\/index.php\/wp-json\/wp\/v2\/pages\/132","targetHints":{"allow":["GET"]}}],"collection":[{"href":"https:\/\/wildermuell-lebensgefahrfuertiere.de\/index.php\/wp-json\/wp\/v2\/pages"}],"about":[{"href":"https:\/\/wildermuell-lebensgefahrfuertiere.de\/index.php\/wp-json\/wp\/v2\/types\/page"}],"author":[{"embeddable":true,"href":"https:\/\/wildermuell-lebensgefahrfuertiere.de\/index.php\/wp-json\/wp\/v2\/users\/4"}],"replies":[{"embeddable":true,"href":"https:\/\/wildermuell-lebensgefahrfuertiere.de\/index.php\/wp-json\/wp\/v2\/comments?post=132"}],"version-history":[{"count":24,"href":"https:\/\/wildermuell-lebensgefahrfuertiere.de\/index.php\/wp-json\/wp\/v2\/pages\/132\/revisions"}],"predecessor-version":[{"id":1090,"href":"https:\/\/wildermuell-lebensgefahrfuertiere.de\/index.php\/wp-json\/wp\/v2\/pages\/132\/revisions\/1090"}],"wp:attachment":[{"href":"https:\/\/wildermuell-lebensgefahrfuertiere.de\/index.php\/wp-json\/wp\/v2\/media?parent=132"}],"wp:term":[{"taxonomy":"folder","embeddable":true,"href":"https:\/\/wildermuell-lebensgefahrfuertiere.de\/index.php\/wp-json\/wp\/v2\/folder?post=132"}],"curies":[{"name":"wp","href":"https:\/\/api.w.org\/{rel}","templated":true}]}}