{"id":136,"date":"2019-09-30T15:27:07","date_gmt":"2019-09-30T13:27:07","guid":{"rendered":"http:\/\/wildermuell-lebensgefahrfuertiere.de\/?page_id=136"},"modified":"2022-12-01T22:41:43","modified_gmt":"2022-12-01T21:41:43","slug":"datenschutz","status":"publish","type":"page","link":"https:\/\/wildermuell-lebensgefahrfuertiere.de\/index.php\/datenschutz\/","title":{"rendered":"Datenschutz"},"content":{"rendered":"<p>[et_pb_section fb_built=&#8220;1&#8243; custom_padding_last_edited=&#8220;on|phone&#8220; admin_label=&#8220;Header&#8220; _builder_version=&#8220;4.16&#8243; background_color=&#8220;#ffde7f&#8220; custom_padding=&#8220;100px||0vw|||&#8220; custom_padding_tablet=&#8220;40px|||&#8220; custom_padding_phone=&#8220;0px||0px|||&#8220; locked=&#8220;off&#8220; global_colors_info=&#8220;{}&#8220;][et_pb_row column_structure=&#8220;2_5,3_5&#8243; custom_padding_last_edited=&#8220;on|desktop&#8220; _builder_version=&#8220;4.16&#8243; custom_margin=&#8220;|||&#8220; custom_padding=&#8220;|30px||30px||true&#8220; custom_padding_tablet=&#8220;40px||&#8220; custom_padding_phone=&#8220;&#8220; box_shadow_style=&#8220;preset7&#8243; box_shadow_horizontal=&#8220;0px&#8220; box_shadow_vertical=&#8220;154px&#8220; box_shadow_color=&#8220;#ffffff&#8220; global_colors_info=&#8220;{}&#8220;][et_pb_column type=&#8220;2_5&#8243; _builder_version=&#8220;4.16&#8243; custom_padding=&#8220;|||&#8220; custom_padding_last_edited=&#8220;off|desktop&#8220; global_colors_info=&#8220;{}&#8220; custom_padding__hover=&#8220;|||&#8220;][et_pb_text _builder_version=&#8220;4.16&#8243; text_font=&#8220;Roboto|700|||||||&#8220; text_font_size=&#8220;18px&#8220; text_line_height=&#8220;1.8em&#8220; locked=&#8220;off&#8220; global_colors_info=&#8220;{}&#8220;]<\/p>\n<p>Kontakt<\/p>\n<p>[\/et_pb_text][\/et_pb_column][et_pb_column type=&#8220;3_5&#8243; _builder_version=&#8220;4.16&#8243; custom_padding=&#8220;|||&#8220; custom_padding_tablet=&#8220;16px||&#8220; custom_padding_phone=&#8220;&#8220; custom_padding_last_edited=&#8220;on|desktop&#8220; global_colors_info=&#8220;{}&#8220; custom_padding__hover=&#8220;|||&#8220;][et_pb_text _builder_version=&#8220;4.16&#8243; header_font=&#8220;Lora||||||||&#8220; header_text_color=&#8220;#000000&#8243; header_font_size=&#8220;78px&#8220; header_letter_spacing=&#8220;-1px&#8220; header_line_height=&#8220;1.1em&#8220; header_font_size_tablet=&#8220;56px&#8220; header_font_size_phone=&#8220;40px&#8220; header_font_size_last_edited=&#8220;on|phone&#8220; locked=&#8220;off&#8220; global_colors_info=&#8220;{}&#8220;]<\/p>\n<h1>Datenschutz<\/h1>\n<p>[\/et_pb_text][\/et_pb_column][\/et_pb_row][et_pb_row _builder_version=&#8220;4.16&#8243; width=&#8220;100%&#8220; max_width=&#8220;100%&#8220; custom_padding=&#8220;0px||0px|||&#8220; global_colors_info=&#8220;{}&#8220;][et_pb_column type=&#8220;4_4&#8243; _builder_version=&#8220;4.16&#8243; custom_padding=&#8220;|||&#8220; global_colors_info=&#8220;{}&#8220; custom_padding__hover=&#8220;|||&#8220;][et_pb_image src=&#8220;http:\/\/wildermuell-lebensgefahrfuertiere.de\/wp-content\/uploads\/2019\/09\/food-bank_57.png&#8220; align=&#8220;right&#8220; align_tablet=&#8220;center&#8220; align_phone=&#8220;&#8220; align_last_edited=&#8220;on|desktop&#8220; _builder_version=&#8220;4.16&#8243; global_colors_info=&#8220;{}&#8220;][\/et_pb_image][\/et_pb_column][\/et_pb_row][\/et_pb_section][et_pb_section fb_built=&#8220;1&#8243; admin_label=&#8220;Contact Info&#8220; _builder_version=&#8220;4.16&#8243; global_colors_info=&#8220;{}&#8220;][et_pb_row use_custom_gutter=&#8220;on&#8220; make_equal=&#8220;on&#8220; _builder_version=&#8220;4.16&#8243; locked=&#8220;off&#8220; global_colors_info=&#8220;{}&#8220;][et_pb_column type=&#8220;4_4&#8243; _builder_version=&#8220;4.16&#8243; custom_padding=&#8220;|||&#8220; global_colors_info=&#8220;{}&#8220; custom_padding__hover=&#8220;|||&#8220;][et_pb_divider color=&#8220;#c6e28b&#8220; divider_weight=&#8220;40px&#8220; _builder_version=&#8220;4.16&#8243; z_index=&#8220;-10&#8243; max_width=&#8220;360px&#8220; height=&#8220;40px&#8220; custom_margin=&#8220;||-34px|-40px&#8220; global_colors_info=&#8220;{}&#8220;][\/et_pb_divider][et_pb_text _builder_version=&#8220;4.16&#8243; text_font=&#8220;||||||||&#8220; text_font_size=&#8220;20px&#8220; text_line_height=&#8220;2em&#8220; header_font=&#8220;||||||||&#8220; header_2_font=&#8220;Lora|700|||||||&#8220; header_2_font_size=&#8220;60px&#8220; header_2_line_height=&#8220;1.2em&#8220; max_width=&#8220;916px&#8220; module_alignment=&#8220;left&#8220; text_font_size_tablet=&#8220;&#8220; text_font_size_phone=&#8220;16px&#8220; text_font_size_last_edited=&#8220;on|desktop&#8220; header_2_font_size_tablet=&#8220;48px&#8220; header_2_font_size_phone=&#8220;32px&#8220; header_2_font_size_last_edited=&#8220;on|tablet&#8220; global_colors_info=&#8220;{}&#8220;]<\/p>\n<h2>Datenschutz Info<\/h2>\n<p>Auf dieser Seite erl\u00e4utern wir ihnen den Umgang mit ihren pers\u00f6nlichen Informationen.<\/p>\n<p>[\/et_pb_text][\/et_pb_column][\/et_pb_row][et_pb_row _builder_version=&#8220;4.16&#8243; global_colors_info=&#8220;{}&#8220;][et_pb_column type=&#8220;4_4&#8243; _builder_version=&#8220;4.16&#8243; global_colors_info=&#8220;{}&#8220;][et_pb_text _builder_version=&#8220;4.19.0&#8243; hover_enabled=&#8220;0&#8243; global_colors_info=&#8220;{}&#8220; sticky_enabled=&#8220;0&#8243;]<\/p>\n<p><strong>Datenschutzerkl\u00e4rung<\/strong><\/p>\n<p>Der Schutz von personenbezogenen Daten ist dem NABU Bezirksverband Krefeld\/Viersen, Talring 45, 47802 Krefeld ein wichtiges Anliegen. Daher erheben, verarbeiten und nutzen wir Ihre personenbezogenen Daten ausschlie\u00dflich unter Ber\u00fccksichtigung der einschl\u00e4gigen datenschutzrechtlichen Regelungen.<\/p>\n<p>Mit dem nachfolgenden Datenschutzhinweis m\u00f6chten wir Ihnen einen \u00dcberblick geben, wie wir den Schutz Ihrer personenbezogenen Daten gew\u00e4hrleisten und welche Arten von personenbezogenen Daten wir zu welchem Zweck und in welchem Umfang erheben, verarbeiten und nutzen. Wir behalten uns vor, diesen Datenschutzhinweis mit Wirkung f\u00fcr die Zukunft zu \u00e4ndern bzw. anzupassen. Die aktuelle Version finden Sie jeweils auf unserer Webseite.<\/p>\n<ol>\n<li><strong> Personenbezogene Daten<\/strong>Personenbezogene Daten sind Einzelangaben \u00fcber pers\u00f6nliche oder sachliche Verh\u00e4ltnisse einer bestimmten oder bestimmbaren nat\u00fcrlichen Person.<\/li>\n<\/ol>\n<p>Durch die Nutzung unseres Webangebots erheben wir von Ihnen folgende Daten:<\/p>\n<ul>\n<li>Quell-IP-Adresse von welcher der Zugriff erfolgt (Internetadresse)<\/li>\n<li>genauer Zeitpunkt des Zugriffs<\/li>\n<li>Name der Webseite, die Sie angefordert haben (Verzeichnis- und Dateiname)<\/li>\n<li>Benutzername (nur wenn Sie mit einem Benutzerkonto auf unserem Webserver angemeldet sind)<\/li>\n<li>Zugriffsmethode und Protokoll<\/li>\n<li>Informationen \u00fcber Ihren Browser und das verwendete Betriebssystem<\/li>\n<\/ul>\n<p>Die genannten Informationen dienen der ordnungsgem\u00e4\u00dfen Funktion des Webangebots und werden in Logfiles gespeichert. Die Daten sind besonders gesch\u00fctzt und werden nur dann ausgewertet, wenn eine Fehlfunktion des Systems oder ein Angriff auf die Integrit\u00e4t des Systems festgestellt werden.<\/p>\n<p>Grunds\u00e4tzlich sind Angriffe auf die Integrit\u00e4t von IT-Systemen meldepflichtig.<\/p>\n<p>In diesem Fall ist eine \u00dcbermittlung der vorgenannten Daten an die Ermittlungsbeh\u00f6rden oder an das Bundesamt f\u00fcr Informationssicherheit (BSI) m\u00f6glich.<\/p>\n<p>Die Speicherdauer betr\u00e4gt in der Regel 2 Monate, jedoch immer bis zum Abschluss bestehender Ermittlungsverfahren.<\/p>\n<ol start=\"2\">\n<li><strong> Angebote unserer Webseite<\/strong><\/li>\n<\/ol>\n<p>Sie haben die M\u00f6glichkeit, unseren Web-Auftritt rein informatorisch zu nutzen. \u00dcber den in Abschnitt 1 hinausgehenden Umfang werden dabei keine weiteren Daten erhoben.<\/p>\n<ul>\n<li>Kontaktaufnahme \u00fcber das Kontaktformular<br \/>Sofern Sie uns eine Anfrage per E-Mail oder \u00fcber unser Kontaktformular zukommen lassen, erheben wir die auf diesem Weg mitgeteilten Daten f\u00fcr die Bearbeitung Ihrer Anfrage. Eine Weitergabe Ihrer in diesem Zusammenhang angegebenen Daten an Dritte erfolgt nicht, sofern wir nicht aufgrund einer gesetzlichen Bestimmung und\/oder beh\u00f6rdlichen oder gerichtlichen Anordnung zu einer solchen Datenweitergabe berechtigt oder verpflichtet sind. Dies kann beispielsweise bei einer Auskunftserteilung zu Zwecken der Strafverfolgung, zur Gefahrenabwehr oder zur Durchsetzung geistiger Eigentumsrechte der Fall sein.<\/li>\n<li>Buchung von Angeboten \u00fcber die Webseite<br \/>Bei der Buchung von Angeboten per Mail oder \u00fcber die Webseite erheben und verarbeiten wir Ihre Daten ausschlie\u00dflich zum Zweck der ordnungsgem\u00e4\u00dfen Durchf\u00fchrung des Angebots inkl. der vereinbarten Verg\u00fctung.<br \/>Die Aufbewahrungsdauer richtet sich dabei nach den gesetzlichen Bestimmungen der Finanzbuchhaltung.<\/li>\n<li>Spenden \u00fcber die Webseite<br \/>Bei Ihrer Spende \u00fcber die Funktion des Webservers erheben und verarbeiten wir Ihre Daten ausschlie\u00dflich zur Abwicklung der Spende. Auch hier richtet sich die Dauer der Speicherung nach den Bestimmungen der Finanzbuchhaltung.<\/li>\n<li>Bestellung von regelm\u00e4\u00dfigen Informationen per Mail (Newsletter)<br \/>Bei der Bestellung von Newslettern handelt es sich um einen vollautomatischen Prozess. Sie haben die M\u00f6glichkeit, den Newsletter jederzeit abzumelden. Wir gew\u00e4hrleisten, dass die im Rahmen dieses Prozesses erfassten Daten wie z.B. Namen und\u00a0Mailadressen ausschlie\u00dflich zum\u00a0Zweck der Newsletterbereitstellung verwendet werden.<\/li>\n<\/ul>\n<ol start=\"3\">\n<li><strong> Einsatz von Cookies<\/strong>Unsere Seite verwendet an mehreren Stellen sog. Cookies. Es handelt sich dabei um kleine Textdateien, die auf Ihrem Rechner abgelegt werden und die Ihr Browser speichert. Sie dienen dazu,<\/li>\n<\/ol>\n<ul>\n<li>Ihre Eingaben von einer Seite zur n\u00e4chsten weiterzugeben.<br \/>Dies ist z.B. bei sogenannten Captcha-Darstellungen der Fall. Captcha ist eine Darstellung von Ziffern und Zeichen, um festzustellen, ob Eingaben von einem Menschen stammen (Ausschluss von Robots)<\/li>\n<li>zu gew\u00e4hrleisten, dass Sie berechtigt sind, auf die angeforderte Seite zuzugreifen (nur nach einer Benutzeranmeldung)<\/li>\n<li>zu speichern, dass Sie die Verwendung von Cookies zur Kenntnis genommen haben.<\/li>\n<\/ul>\n<p>Eine Auswertung der Cookies findet durch uns nicht statt.<\/p>\n<p>Sie k\u00f6nnen entscheiden, ob Sie das Setzen von Cookies zulassen m\u00f6chten und entsprechende \u00c4nderungen in Ihren Browsereinstellungen selbst vornehmen. Sie haben grunds\u00e4tzlich die Wahl, ob Sie alle Cookies akzeptieren, beim Setzen von Cookies jeweils informiert werden oder aber alle Cookies ablehnen wollen. Sofern Sie sich f\u00fcr die letzte Variante entscheiden, m\u00fcssen wir Sie allerdings darauf hinweisen, dass Sie unser Angebot u.U. nicht vollst\u00e4ndig nutzen k\u00f6nnen. Dies betrifft insbesondere Eingaben auf unseren Webseiten die durch Captcha abgesichert wurden. (Vergleiche Abschnitt \u201eCaptcha\u201c)<\/p>\n<p>Au\u00dferdem wird bei deaktivierten Cookies bei jedem Seitenaufruf die sogenannte Cookiemeldung erneut angezeigt.<\/p>\n<p>Wir haben eine Seite eingerichtet auf der Sie sich jederzeit \u00fcber die gespeicherten Cookies auf unserer Seite informieren k\u00f6nnen:<\/p>\n<p><a href=\"https:\/\/wildermuell-lebensgefahrfuertiere.de\/index.php\/2575-2\/\">cookie-information<\/a><\/p>\n<ol start=\"4\">\n<li><strong> OpenstreetMaps<\/strong>Unsere Webseite nutzt zur Darstellung von Kartenmaterial das Angebot der &#8222;Openstreetmap Foundation (OSM)&#8220;. Diese Anwendung wird direkt von Servern der \u00a0OSM abgerufen, so dass das Unternehmen die Ihnen aktuell zugewiesene IP-Adresse erh\u00e4lt.\u00a0Weitere Informationen zum Datenschutz bei OSM erhalten Sie unter\u00a0<a href=\"https:\/\/wiki.osmfoundation.org\/wiki\/Privacy_Policy\">https:\/\/wiki.osmfoundation.org\/wiki\/Privacy_Policy<\/a><\/li>\n<li><strong> Webseiten Dritter<\/strong>Diese Webseite enth\u00e4lt Links zu oder von Webseiten Dritter. Wenn Sie einem Link zu einer dieser Webseiten folgen, k\u00f6nnen wir keine Verantwortung f\u00fcr die dort aufzufindenden fremden Inhalte oder Datenschutzbedingungen \u00fcbernehmen. Bitte vergewissern Sie sich daher \u00fcber die jeweils geltenden Datenschutzbedingungen auf diesen Seiten, bevor Sie personenbezogene Daten \u00fcbermitteln.<\/li>\n<li><strong> Mitgliedsantrag<\/strong>Sie k\u00f6nnen online einen Antrag auf Mitgliedschaft beim NABU stellen. Dazu werden Sie auf die Webseite des Bundesverbandes weitergeleitet. Die Mitgliedschaft im NABU ist als abgestufte Mehrfachmitgliedschaft ausgestaltet. Der NABU-Bundesverband e.V. erhebt und verwendet die im Zusammenhang mit Ihrem Antrag erforderlichen Daten f\u00fcr Vereinszwecke. Zu diesem Zweck erfolgt auch die Weitergabe der erhobenen Daten an den f\u00fcr Sie zust\u00e4ndigen Landesverband und den ausgew\u00e4hlten Ortsverband &#8211; in diesem Falle also an uns.<\/li>\n<\/ol>\n<p>F\u00fcr die Bearbeitung des Mitgliedsantrags \u00fcber Onlinefunktionen des Webservers gilt die Datenschutzerkl\u00e4rung des NABU Bundesverbands. Diese finden sie hier:<\/p>\n<p><a href=\"https:\/\/www.nabu.de\/wir-ueber-uns\/datenschutz\/24491.html\">https:\/\/www.nabu.de\/wir-ueber-uns\/datenschutz\/24491.html<\/a><\/p>\n<ol start=\"7\">\n<li><strong> Datenverarbeitung in sozialen Medien (Facebook und Instagram)<\/strong><\/li>\n<\/ol>\n<p>Zur Ver\u00f6ffentlichung von Informationen bedienen wir uns auch der Angebote von Facebook und Instagram.<br \/>Mit ihrer Anmeldung an den Serviceportalen dieser sozialen Medien haben sie deren Datenschutzbestimmungen zugestimmt.<\/p>\n<p>NABU Bezirksverband Krefeld\/Viersen e.V. wird ihre Daten ausschlie\u00dflich dazu verwenden\u00a0ihre Anfragen und Kommentare zu beantworten. Eine Weitergabe oder Nutzung zu anderen Zwecken ohne ihre Zustimmung findet nicht statt.<\/p>\n<p>Zur Optimierung unserer Angebote in den sozialen Medien finden ausschlie\u00dflich anonyme Betrachtungen der Beitragsreichweite und der Anzahl der Interaktionen statt.<\/p>\n<p><strong>8. Ihre Rechte als Betroffener<\/strong><br \/><strong>Ausk\u00fcnfte, \u00c4nderung, Sperrung oder L\u00f6schung ihrer Daten<\/strong><\/p>\n<p>Nach den aktuellen gesetzlichen Bestimmungen haben Sie das Recht, Auskunft \u00fcber die von uns \u00fcber Sie gespeicherten Informationen zu verlangen.<\/p>\n<p>Offensichtlich unrichtige Angaben k\u00f6nnen Sie durch uns \u00e4ndern lassen. Sofern keine anderen Bestimmungen die Speicherung der Daten erfordern, k\u00f6nnen Sie eine L\u00f6schung fordern, andernfalls die Sperrung der Informationen.<\/p>\n<p>Zur Wahrnehmung Ihrer Rechte wenden Sie sich entweder schriftlich oder per Mail an:<\/p>\n<p>NABU Bezirksverband Krefeld\/Viersen e.V.<br \/>Talring 45<br \/>47802 Krefeld<\/p>\n<p>Mail:<span>\u00a0<\/span><a href=\"mailto:info@nabu-krefeld-viersen.de\">info@nabu-krefeld-viersen.de<\/a><\/p>\n<p>Wenn Sie Kontakt zum Datenschutzbeauftragten des NABU aufnehmen m\u00f6chten, erfahren Sie die Kontaktdaten auf der Webseite des NABU Bundesverbandes unter\u00a0<a href=\"https:\/\/www.nabu.de\/wir-ueber-uns\/datenschutz\/24491.html\">https:\/\/www.nabu.de\/wir-ueber-uns\/datenschutz\/24491.html<\/a><\/p>\n<ol start=\"9\">\n<li><strong> Verwendung der Technologie \u201eCaptcha\u201c<\/strong><\/li>\n<\/ol>\n<p>Captcha ist eine Technologie mit deren Hilfe Eingaben in Webseiten abgesichert werden k\u00f6nnen. Formulare auf Webseiten k\u00f6nnen missbraucht werden indem durch automatisierte massenweise Ausf\u00fchrung von sogenannten \u201eRobots\u201c oder \u201eBots\u201c Daten in die Formulare eingegeben werden.<\/p>\n<p>Captcha stellt eine Grafik auf der Webseite dar die verzerrte Zeichen (Buchstaben, Ziffern) oder Bilder mit bestimmtem\u00a0Inhalt enth\u00e4lt die nur von Menschen gelesen werden k\u00f6nnen.<\/p>\n<p>Nur die korrekte Eingabe der dargestellten Zeichen oder Bilder f\u00fchrt zu einer erfolgreichen Verarbeitung des Formulars.<\/p>\n<p>Auf unserer Webseite wird \u201eSecurimage\u201c als Captcha eingesetzt.<br \/>Dabei handelt es sich um ein sogenanntes Open-Source Produkt (\u00f6ffentliche freie Verwendung). Homepage und weitere Infos:\u00a0<a href=\"https:\/\/www.phpcaptcha.org\/\">https:\/\/www.phpcaptcha.org<\/a><\/p>\n<p>Zur Verwendung dieses Produkts muss ihr Browser Cookies zulassen.<br \/>In diesem Cookie wird Captcha eine sogenannte Session-ID speichern (eine eindeutige Identifikationsnummer) die gew\u00e4hrleistet dass zwischen der Eingabe des Sicherheitscodes und dessen Verarbeitung eine eindeutige Beziehung herrscht.<\/p>\n<ol start=\"10\">\n<li><strong> Spenden und Zahlungsvorg\u00e4nge \u00fcber Paypal und weitere Zahlungssysteme<\/strong><\/li>\n<\/ol>\n<p>Neben den bekannten Zahlungsmethoden &#8222;\u00dcberweisung&#8220; und &#8222;SEPA-Lastschrift&#8220; bieten wir auch die Nutzung des Bezahldienstes Paypal an. Im Rahmen dieser Zahlungsmethode\u00a0ist auch die Verwendung von Kreditkarten und weiteren Zahlmethoden m\u00f6glich.<\/p>\n<p>Die in diesem Zusammenhang erfassten Daten (z.B. IP-Adressen, Zeitangaben, Betrag, Name und Adresse des Spenders, Zweck etc.) werden an Paypal \u00fcbermittelt und ggf. im Rahmen der Datenschutzbestimmungen von Paypal auch an andere Beteiligte \u00fcbermittelt. Die aktuelle Datenschutzerkl\u00e4rung von Paypal finden sie hier:\u00a0<a href=\"https:\/\/www.paypal.com\/de\/webapps\/mpp\/ua\/privacy-full\">https:\/\/www.paypal.com\/de\/webapps\/mpp\/ua\/privacy-full<\/a><\/p>\n<p>&nbsp;<\/p>\n<p>[\/et_pb_text][\/et_pb_column][\/et_pb_row][\/et_pb_section][et_pb_section fb_built=&#8220;1&#8243; fullwidth=&#8220;on&#8220; _builder_version=&#8220;4.16&#8243; locked=&#8220;off&#8220; global_colors_info=&#8220;{}&#8220;][et_pb_fullwidth_image src=&#8220;http:\/\/wildermuell-lebensgefahrfuertiere.de\/wp-content\/uploads\/2019\/09\/food-bank_56.png&#8220; _builder_version=&#8220;4.16&#8243; global_colors_info=&#8220;{}&#8220;][\/et_pb_fullwidth_image][\/et_pb_section]<\/p>\n","protected":false},"excerpt":{"rendered":"<p>KontaktDatenschutzDatenschutz Info Auf dieser Seite erl\u00e4utern wir ihnen den Umgang mit ihren pers\u00f6nlichen Informationen.Datenschutzerkl\u00e4rung Der Schutz von personenbezogenen Daten ist dem NABU Bezirksverband Krefeld\/Viersen, Talring 45, 47802 Krefeld ein wichtiges Anliegen. Daher erheben, verarbeiten und nutzen wir Ihre personenbezogenen Daten ausschlie\u00dflich unter Ber\u00fccksichtigung der einschl\u00e4gigen datenschutzrechtlichen Regelungen. Mit dem nachfolgenden Datenschutzhinweis m\u00f6chten wir Ihnen einen [&hellip;]<\/p>\n","protected":false},"author":4,"featured_media":0,"parent":0,"menu_order":0,"comment_status":"closed","ping_status":"closed","template":"","meta":{"_et_pb_use_builder":"on","_et_pb_old_content":"","_et_gb_content_width":"","footnotes":""},"folder":[],"class_list":["post-136","page","type-page","status-publish","hentry"],"_links":{"self":[{"href":"https:\/\/wildermuell-lebensgefahrfuertiere.de\/index.php\/wp-json\/wp\/v2\/pages\/136","targetHints":{"allow":["GET"]}}],"collection":[{"href":"https:\/\/wildermuell-lebensgefahrfuertiere.de\/index.php\/wp-json\/wp\/v2\/pages"}],"about":[{"href":"https:\/\/wildermuell-lebensgefahrfuertiere.de\/index.php\/wp-json\/wp\/v2\/types\/page"}],"author":[{"embeddable":true,"href":"https:\/\/wildermuell-lebensgefahrfuertiere.de\/index.php\/wp-json\/wp\/v2\/users\/4"}],"replies":[{"embeddable":true,"href":"https:\/\/wildermuell-lebensgefahrfuertiere.de\/index.php\/wp-json\/wp\/v2\/comments?post=136"}],"version-history":[{"count":7,"href":"https:\/\/wildermuell-lebensgefahrfuertiere.de\/index.php\/wp-json\/wp\/v2\/pages\/136\/revisions"}],"predecessor-version":[{"id":2582,"href":"https:\/\/wildermuell-lebensgefahrfuertiere.de\/index.php\/wp-json\/wp\/v2\/pages\/136\/revisions\/2582"}],"wp:attachment":[{"href":"https:\/\/wildermuell-lebensgefahrfuertiere.de\/index.php\/wp-json\/wp\/v2\/media?parent=136"}],"wp:term":[{"taxonomy":"folder","embeddable":true,"href":"https:\/\/wildermuell-lebensgefahrfuertiere.de\/index.php\/wp-json\/wp\/v2\/folder?post=136"}],"curies":[{"name":"wp","href":"https:\/\/api.w.org\/{rel}","templated":true}]}}