{"id":1700,"date":"2020-10-11T18:30:49","date_gmt":"2020-10-11T16:30:49","guid":{"rendered":"https:\/\/wildermuell-lebensgefahrfuertiere.de\/?page_id=1700"},"modified":"2021-01-28T13:44:38","modified_gmt":"2021-01-28T12:44:38","slug":"offizielle-buchuebergabe-an-alle-grundschueler-der-stadt-willich","status":"publish","type":"page","link":"https:\/\/wildermuell-lebensgefahrfuertiere.de\/index.php\/offizielle-buchuebergabe-an-alle-grundschueler-der-stadt-willich\/","title":{"rendered":"Offizielle Buch\u00fcbergabe an alle Grundsch\u00fcler der Stadt Willich"},"content":{"rendered":"<p>[et_pb_section fb_built=&#8220;1&#8243; _builder_version=&#8220;4.6.5&#8243; _module_preset=&#8220;default&#8220;][et_pb_row _builder_version=&#8220;4.6.5&#8243; _module_preset=&#8220;default&#8220;][et_pb_column type=&#8220;4_4&#8243; _builder_version=&#8220;4.6.5&#8243; _module_preset=&#8220;default&#8220;][et_pb_text _builder_version=&#8220;4.6.5&#8243; _module_preset=&#8220;default&#8220;]<\/p>\n<h3>Willich \/ Neersen 08.10.2020<\/h3>\n<p>In einem kleinen festlichen Akt im Schloss Neersen haben wir heute 1800 Exemplare unseres neuen Kinderbuchs \u201eLass uns ein gutes Zuhause finden\u201c an die Grundsch\u00fcler der Stadt Willich \u00fcbergeben, alle werden ein kostenloses Exemplar bekommen.<\/p>\n<\/p>\n<h3>Lass uns ein gutes Zuhause finden<\/h3>\n<p>Autor Michael Engler.\u00a0 Illustrationen Nadine Vostatek.<\/p>\n<p>Das Buch erz\u00e4hlt die Geschichte eines Igels und dessen neuem Freund \u2013 einem Waschb\u00e4r. Beide sind Leidensgenossen. Sie leben in einem sch\u00f6nen Park. Inzwischen liegt hier aber \u00a0\u00fcberall M\u00fcll herum. Und dieser M\u00fcll gef\u00e4hrdet ihr Leben und ihre Gesundheit. Beide beschlie\u00dfen ein neues Zuhause zu finden in dem sie sicher leben k\u00f6nnen. Aber finden die Beiden diesen Ort? Gibt es so einen Flecken \u00fcberhaupt noch?<\/p>\n<p>[\/et_pb_text][\/et_pb_column][\/et_pb_row][et_pb_row column_structure=&#8220;2_3,1_3&#8243; _builder_version=&#8220;4.6.5&#8243; _module_preset=&#8220;default&#8220;][et_pb_column type=&#8220;2_3&#8243; _builder_version=&#8220;4.6.5&#8243; _module_preset=&#8220;default&#8220;][et_pb_image src=&#8220;https:\/\/wildermuell-lebensgefahrfuertiere.de\/wp-content\/uploads\/2020\/10\/Lass_uns_ein_gutes_Zuhause_finden-Buchuebergabe_20201008_01.jpeg&#8220; title_text=&#8220;Josef Heyes, B\u00fcrgermeister der Stadt Willich&#8220; show_in_lightbox=&#8220;on&#8220; _builder_version=&#8220;4.6.5&#8243; _module_preset=&#8220;default&#8220;][\/et_pb_image][\/et_pb_column][et_pb_column type=&#8220;1_3&#8243; _builder_version=&#8220;4.6.5&#8243; _module_preset=&#8220;default&#8220;][et_pb_text _builder_version=&#8220;4.6.5&#8243; _module_preset=&#8220;default&#8220;]<\/p>\n<p>B\u00fcrgermeister Josef Heyes bedankte sich in seiner Rede bei den Initiatoren Elita und Bernd Grafke. Die Stadt beteiligte sich mit 50% an den Kosten des Buches. Er bedankte sich bei den \u00fcbrigen Sponsoren, dem Autor Michael Engler, der Illustratorin\u00a0 Nadine Vostatek und Claire Stommel, die die Gestaltung des Buches \u00fcbernahm.\u00a0<\/p>\n<p>[\/et_pb_text][\/et_pb_column][\/et_pb_row][et_pb_row column_structure=&#8220;1_3,2_3&#8243; _builder_version=&#8220;4.6.5&#8243; _module_preset=&#8220;default&#8220;][et_pb_column type=&#8220;1_3&#8243; _builder_version=&#8220;4.6.5&#8243; _module_preset=&#8220;default&#8220;][et_pb_text _builder_version=&#8220;4.6.5&#8243; _module_preset=&#8220;default&#8220;]<\/p>\n<p>Reiner Rosendahl, Vorsitzender des NABU-Bezirksverband Krefeld\/Viersen e.V. hob die besondere Bedeutung des NABU hervor der im Bezirk Krefeld\/Viersen ca. 9000 Mitglieder vertritt. Hierbei ist die NABU-Gruppe Willich eine der aktivsten und in vielf\u00e4ltiger Weise f\u00fcr den Naturschutz unterwegs.<\/p>\n<p>Auch er bedankte sich bei den Initiatoren des Buchprojektes.<\/p>\n<p>[\/et_pb_text][\/et_pb_column][et_pb_column type=&#8220;2_3&#8243; _builder_version=&#8220;4.6.5&#8243; _module_preset=&#8220;default&#8220;][et_pb_image src=&#8220;https:\/\/wildermuell-lebensgefahrfuertiere.de\/wp-content\/uploads\/2020\/10\/Lass_uns_ein_gutes_Zuhause_finden-Buchuebergabe_20201008_02.jpeg&#8220; title_text=&#8220;Reiner Rosendahl, Vorsitzender des NABU-Bezirksverbandes Krefeld\/Viersen e.V.&#8220; show_in_lightbox=&#8220;on&#8220; _builder_version=&#8220;4.6.5&#8243; _module_preset=&#8220;default&#8220;][\/et_pb_image][\/et_pb_column][\/et_pb_row][et_pb_row column_structure=&#8220;2_3,1_3&#8243; _builder_version=&#8220;4.6.5&#8243; _module_preset=&#8220;default&#8220;][et_pb_column type=&#8220;2_3&#8243; _builder_version=&#8220;4.6.5&#8243; _module_preset=&#8220;default&#8220;][et_pb_image src=&#8220;https:\/\/wildermuell-lebensgefahrfuertiere.de\/wp-content\/uploads\/2020\/10\/Lass_uns_ein_gutes_Zuhause_finden-Buchuebergabe_20201008_03.jpeg&#8220; title_text=&#8220;Jack Sandrock, Leiter der NABU-Gruppe Willich&#8220; show_in_lightbox=&#8220;on&#8220; _builder_version=&#8220;4.6.5&#8243; _module_preset=&#8220;default&#8220;][\/et_pb_image][\/et_pb_column][et_pb_column type=&#8220;1_3&#8243; _builder_version=&#8220;4.6.5&#8243; _module_preset=&#8220;default&#8220;][et_pb_text _builder_version=&#8220;4.6.5&#8243; _module_preset=&#8220;default&#8220;]<\/p>\n<p>Jack Sandrock, Leiter der NABU-Gruppe Willich hob hervor, dass das Ehepaar Grafke schon seit 4 Jahren sein Ziel, die Menschen \u00fcber die Gefahren f\u00fcr Tiere durch den \u201eWilden M\u00fcll\u201c auf zu kl\u00e4ren, so konsequent verfolgt.<\/p>\n<p>[\/et_pb_text][\/et_pb_column][\/et_pb_row][et_pb_row column_structure=&#8220;1_3,2_3&#8243; _builder_version=&#8220;4.6.5&#8243; _module_preset=&#8220;default&#8220;][et_pb_column type=&#8220;1_3&#8243; _builder_version=&#8220;4.6.5&#8243; _module_preset=&#8220;default&#8220;][et_pb_text _builder_version=&#8220;4.6.5&#8243; _module_preset=&#8220;default&#8220;]<\/p>\n<p>Elita Grafke erl\u00e4uterte wie sie die Idee zu diesem Buch entwickelte und dann in die Tat umsetzte. Hierbei waren \u201egro\u00dfe Brocken\u201c aus dem Weg zu r\u00e4umen. Sie konnte Michael Engler \u2013 einen bekannten\u00a0 Kinderbuch Autor \u2013 f\u00fcr das Projekt gewinnen, Nadine Vostatek \u00fcbernahm die Illustrationen und Claire Stommel die Gestaltung des Buches. Auch die Finanzierung des Projekts mit Hilfe von Sponsoren sowie die Auswahl einer Druckerei waren zu bew\u00e4ltigen. All diese M\u00fchen wurden heute belohnt mit der \u00dcbergabe des Buchs an die Willicher Grundsch\u00fcler. Sie ist davon \u00fcberzeugt, dass Kinder als \u201eWilder M\u00fcll Experte\u201c die Botschaft wie gef\u00e4hrlich der \u201eWilde M\u00fcll\u201c\u00a0 f\u00fcr Tiere ist, auch an ihre Familie, Freunde und Bekannte weitertragen. Dann erreichen wir \u00fcber 10000 B\u00fcrger, und so wird sicherlich das Leid vieler Tiere verhindert.<\/p>\n<p>[\/et_pb_text][\/et_pb_column][et_pb_column type=&#8220;2_3&#8243; _builder_version=&#8220;4.6.5&#8243; _module_preset=&#8220;default&#8220;][et_pb_image src=&#8220;https:\/\/wildermuell-lebensgefahrfuertiere.de\/wp-content\/uploads\/2020\/10\/Lass_uns_ein_gutes_Zuhause_finden-Buchuebergabe_20201008_04.jpg&#8220; title_text=&#8220;Elita Grafke &#8211; Initiatorin des Buchprojektes&#8220; show_in_lightbox=&#8220;on&#8220; _builder_version=&#8220;4.6.5&#8243; _module_preset=&#8220;default&#8220;][\/et_pb_image][\/et_pb_column][\/et_pb_row][et_pb_row column_structure=&#8220;3_5,2_5&#8243; _builder_version=&#8220;4.6.5&#8243; _module_preset=&#8220;default&#8220;][et_pb_column type=&#8220;3_5&#8243; _builder_version=&#8220;4.6.5&#8243; _module_preset=&#8220;default&#8220;][et_pb_image src=&#8220;https:\/\/wildermuell-lebensgefahrfuertiere.de\/wp-content\/uploads\/2020\/10\/Lass_uns_ein_gutes_Zuhause_finden-Buchuebergabe_20201008_05.jpeg&#8220; title_text=&#8220;Lass_uns_ein_gutes_Zuhause_finden-Buchuebergabe_20201008_05&#8243; show_in_lightbox=&#8220;on&#8220; _builder_version=&#8220;4.6.5&#8243; _module_preset=&#8220;default&#8220;][\/et_pb_image][\/et_pb_column][et_pb_column type=&#8220;2_5&#8243; _builder_version=&#8220;4.6.5&#8243; _module_preset=&#8220;default&#8220;][et_pb_text _builder_version=&#8220;4.6.5&#8243; _module_preset=&#8220;default&#8220;]<\/p>\n<p>4 Kinder der Vinhoven Schule bekamen stellvertretend f\u00fcr die anderen Willicher Grundschulkinder das Buch \u00fcberreicht.<\/p>\n<p>[\/et_pb_text][\/et_pb_column][\/et_pb_row][et_pb_row column_structure=&#8220;1_3,2_3&#8243; _builder_version=&#8220;4.6.5&#8243; _module_preset=&#8220;default&#8220;][et_pb_column type=&#8220;1_3&#8243; _builder_version=&#8220;4.6.5&#8243; _module_preset=&#8220;default&#8220;][et_pb_text _builder_version=&#8220;4.6.5&#8243; _module_preset=&#8220;default&#8220;]<\/p>\n<p>B\u00fcrgermeister Heyes war so freundlich die Buch-Exemplare der anwesenden Sch\u00fcler mit einer pers\u00f6nlichen Widmung zu versehen.<\/p>\n<p>Die Kinder baten auch die Illustratorin Nadine Vostatek und Elita Grafke das Buch zu signieren.<\/p>\n<p>[\/et_pb_text][\/et_pb_column][et_pb_column type=&#8220;2_3&#8243; _builder_version=&#8220;4.6.5&#8243; _module_preset=&#8220;default&#8220;][et_pb_image src=&#8220;https:\/\/wildermuell-lebensgefahrfuertiere.de\/wp-content\/uploads\/2020\/10\/Lass_uns_ein_gutes_Zuhause_finden-Buchuebergabe_20201008_06.jpeg&#8220; title_text=&#8220;Lass_uns_ein_gutes_Zuhause_finden-Buchuebergabe_20201008_06&#8243; show_in_lightbox=&#8220;on&#8220; _builder_version=&#8220;4.6.5&#8243; _module_preset=&#8220;default&#8220;][\/et_pb_image][\/et_pb_column][\/et_pb_row][et_pb_row _builder_version=&#8220;4.6.5&#8243; _module_preset=&#8220;default&#8220;][et_pb_column type=&#8220;4_4&#8243; _builder_version=&#8220;4.6.5&#8243; _module_preset=&#8220;default&#8220;][et_pb_text _builder_version=&#8220;4.8.1&#8243; _module_preset=&#8220;default&#8220; hover_enabled=&#8220;0&#8243; sticky_enabled=&#8220;0&#8243;]<\/p>\n<h3>Wir sagen DANKE!<\/h3>\n<p>Wir danken allen <a href=\"https:\/\/wildermuell-lebensgefahrfuertiere.de\/wp-content\/uploads\/2020\/10\/wir_sagen_danke_unser_dank_gilt_1600.jpg\" target=\"_blank\" rel=\"noopener noreferrer\">Sponsoren und Unterst\u00fctzern<\/a> die dieses Buch erm\u00f6glicht haben.\u00a0<\/p>\n<h3>Wie geht\u2019s weiter?<\/h3>\n<p>Nach den Herbstferien werden Elita und Benno Grafke die B\u00fccher in den Schulen pers\u00f6nlich abgeben.<br \/> Lehrern und Sch\u00fclern wird das Buch dann auch vorgestellt.<\/p>\n<p>\u00a0Das Buch kann f\u00fcr 9,90Euro in den folgenden Buchl\u00e4den erworben werden.\u00a0<\/p>\n<ul>\n<li>Hofladen am Stautenhof<br \/>Darderh\u00f6fe 1a<br \/>47877 Willich-Anrath<br \/>Webseite: <a href=\"https:\/\/www.stautenhof.de\">https:\/\/www.stautenhof.de<\/a><\/li>\n<li>Willicher Buchhandlung<br \/> Grabenstra\u00dfe 12, 47877 Willich<br \/> Webseite: <a href=\"https:\/\/www.willicher-buchhandlung.de\">https:\/\/www.willicher-buchhandlung.de<\/a><\/li>\n<li>Gl\u00fcckspilz in Schiefbahn<br \/> <span>Hochstra\u00dfe 52, 47877 Willich<br \/> Webseite: <a href=\"https:\/\/www.glueckspilz-will-ich.de\">https:\/\/www.glueckspilz-will-ich.de<\/a><\/span><\/li>\n<li>Anrather B\u00fccherecke<br \/> <span>Jakob-Krebs-Stra\u00dfe 27, 47877 Willich<\/span><br \/> Webseite: <a href=\"https:\/\/de-de.facebook.com\/anrather.buecherecke\/\">https:\/\/de-de.facebook.com\/anrather.buecherecke\/<\/a><\/li>\n<li>Buchhandlung RAABE e.K.<br \/> Bahnhofstrasse 12, 54568 Gerolstein<br \/> Webseite: <a href=\"https:\/\/raabe-gerolstein.buchhandlung.de\/shop\/\">https:\/\/raabe-gerolstein.buchhandlung.de\/shop\/<\/a><\/li>\n<\/ul>\n<p>&nbsp;<\/p>\n<p>&nbsp;<\/p>\n<p>&nbsp;<\/p>\n<p>&nbsp;<\/p>\n<p>[\/et_pb_text][\/et_pb_column][\/et_pb_row][\/et_pb_section]<\/p>\n","protected":false},"excerpt":{"rendered":"<p>Willich \/ Neersen 08.10.2020 In einem kleinen festlichen Akt im Schloss Neersen haben wir heute 1800 Exemplare unseres neuen Kinderbuchs \u201eLass uns ein gutes Zuhause finden\u201c an die Grundsch\u00fcler der Stadt Willich \u00fcbergeben, alle werden ein kostenloses Exemplar bekommen. Lass uns ein gutes Zuhause finden Autor Michael Engler.\u00a0 Illustrationen Nadine Vostatek. Das Buch erz\u00e4hlt die [&hellip;]<\/p>\n","protected":false},"author":1,"featured_media":0,"parent":0,"menu_order":0,"comment_status":"closed","ping_status":"closed","template":"","meta":{"_et_pb_use_builder":"on","_et_pb_old_content":"","_et_gb_content_width":"","footnotes":""},"folder":[],"class_list":["post-1700","page","type-page","status-publish","hentry"],"_links":{"self":[{"href":"https:\/\/wildermuell-lebensgefahrfuertiere.de\/index.php\/wp-json\/wp\/v2\/pages\/1700","targetHints":{"allow":["GET"]}}],"collection":[{"href":"https:\/\/wildermuell-lebensgefahrfuertiere.de\/index.php\/wp-json\/wp\/v2\/pages"}],"about":[{"href":"https:\/\/wildermuell-lebensgefahrfuertiere.de\/index.php\/wp-json\/wp\/v2\/types\/page"}],"author":[{"embeddable":true,"href":"https:\/\/wildermuell-lebensgefahrfuertiere.de\/index.php\/wp-json\/wp\/v2\/users\/1"}],"replies":[{"embeddable":true,"href":"https:\/\/wildermuell-lebensgefahrfuertiere.de\/index.php\/wp-json\/wp\/v2\/comments?post=1700"}],"version-history":[{"count":20,"href":"https:\/\/wildermuell-lebensgefahrfuertiere.de\/index.php\/wp-json\/wp\/v2\/pages\/1700\/revisions"}],"predecessor-version":[{"id":1860,"href":"https:\/\/wildermuell-lebensgefahrfuertiere.de\/index.php\/wp-json\/wp\/v2\/pages\/1700\/revisions\/1860"}],"wp:attachment":[{"href":"https:\/\/wildermuell-lebensgefahrfuertiere.de\/index.php\/wp-json\/wp\/v2\/media?parent=1700"}],"wp:term":[{"taxonomy":"folder","embeddable":true,"href":"https:\/\/wildermuell-lebensgefahrfuertiere.de\/index.php\/wp-json\/wp\/v2\/folder?post=1700"}],"curies":[{"name":"wp","href":"https:\/\/api.w.org\/{rel}","templated":true}]}}