{"id":1862,"date":"2021-01-28T13:58:37","date_gmt":"2021-01-28T12:58:37","guid":{"rendered":"https:\/\/wildermuell-lebensgefahrfuertiere.de\/?page_id=1862"},"modified":"2022-05-31T19:56:29","modified_gmt":"2022-05-31T17:56:29","slug":"das-buch-bezugsquellen","status":"publish","type":"page","link":"https:\/\/wildermuell-lebensgefahrfuertiere.de\/index.php\/das-buch-bezugsquellen\/","title":{"rendered":"Das Buch &#8211; Bezugsquellen"},"content":{"rendered":"<p>[et_pb_section fb_built=&#8220;1&#8243; _builder_version=&#8220;4.16&#8243; _module_preset=&#8220;default&#8220; global_colors_info=&#8220;{}&#8220;][et_pb_row column_structure=&#8220;2_5,3_5&#8243; _builder_version=&#8220;4.16&#8243; _module_preset=&#8220;default&#8220; global_colors_info=&#8220;{}&#8220;][et_pb_column type=&#8220;2_5&#8243; _builder_version=&#8220;4.16&#8243; _module_preset=&#8220;default&#8220; global_colors_info=&#8220;{}&#8220;][et_pb_image src=&#8220;https:\/\/wildermuell-lebensgefahrfuertiere.de\/wp-content\/uploads\/2021\/10\/lass_uns_ein_gutes_zuhause_finden_titelseite_Nachhaltigkeitspreis_WEB_608x609.png&#8220; title_text=&#8220;lass_uns_ein_gutes_zuhause_finden_titelseite_Nachhaltigkeitspreis_WEB_608x609&#8243; _builder_version=&#8220;4.16&#8243; _module_preset=&#8220;default&#8220; global_colors_info=&#8220;{}&#8220;][\/et_pb_image][\/et_pb_column][et_pb_column type=&#8220;3_5&#8243; _builder_version=&#8220;4.16&#8243; _module_preset=&#8220;default&#8220; global_colors_info=&#8220;{}&#8220;][et_pb_text _builder_version=&#8220;4.17.4&#8243; _module_preset=&#8220;default&#8220; hover_enabled=&#8220;0&#8243; global_colors_info=&#8220;{}&#8220; sticky_enabled=&#8220;0&#8243;]<\/p>\n<p>Willich, 28.01.2021<\/p>\n<p>Nach der <a href=\"https:\/\/wildermuell-lebensgefahrfuertiere.de\/index.php\/2021\/01\/27\/wdr-lokalzeit-bericht-vom-26-01-2021\/\" target=\"_blank\" rel=\"noopener noreferrer\">Sendung des WDR vom 26.01.2021<\/a> erreichen uns viele Anfragen zum Kauf des Buchs.<\/p>\n<p>Wir sind aktuell dabei weitere Vertriebswege zu erschlie\u00dfen.<br \/>Auf dieser Seite informieren wir sie st\u00e4ndig mit aktuellen Infos \u00fcber die bestehenden Bezugsquellen.<\/p>\n<p><strong><span style=\"text-decoration: underline;\">H\u00e4ndler<\/span><\/strong> die ebenfalls das Buch verkaufen m\u00f6chten wenden sich bitte \u00fcber das <a href=\"https:\/\/wildermuell-lebensgefahrfuertiere.de\/index.php\/kontakt\/\" target=\"_blank\" rel=\"noopener noreferrer\">Kontaktformular<\/a> an unsere Administration.<\/p>\n<p><span style=\"text-decoration: underline;\"><strong>Endverbraucher<\/strong><\/span> wenden sich bitte an eine der u.a. H\u00e4ndler.<\/p>\n<p>Das Buch kann f\u00fcr 9,90Euro in den folgenden Buchl\u00e4den erworben werden.<br \/>(Stand 01.12.2021)<\/p>\n<ul>\n<li>Hofladen am Stautenhof<br \/>Darderh\u00f6fe 1a<br \/>47877 Willich-Anrath<br \/>Webseite: <a href=\"https:\/\/www.stautenhof.de\">https:\/\/www.stautenhof.de<\/a><\/li>\n<li>Willicher Buchhandlung<br \/>Grabenstra\u00dfe 12, 47877 Willich<br \/>Webseite: <a href=\"https:\/\/www.willicher-buchhandlung.de\">https:\/\/www.willicher-buchhandlung.de<\/a><\/li>\n<li>Gl\u00fcckspilz in Schiefbahn<br \/><span>Hochstra\u00dfe 52, 47877 Willich<br \/>Webseite: <a href=\"https:\/\/www.glueckspilz-will-ich.de\">https:\/\/www.glueckspilz-will-ich.de<\/a><\/span><\/li>\n<li>Anrather B\u00fccherecke<br \/><span>Jakob-Krebs-Stra\u00dfe 27, 47877 Willich<\/span><br \/>Webseite: <a href=\"https:\/\/de-de.facebook.com\/anrather.buecherecke\/\">https:\/\/de-de.facebook.com\/anrather.buecherecke\/<\/a><\/li>\n<li>Buchhandlung RAABE e.K.<br \/>Bahnhofstrasse 12, 54568 Gerolstein<br \/>Webseite: <a href=\"https:\/\/raabe-gerolstein.buchhandlung.de\/shop\/\">https:\/\/raabe-gerolstein.buchhandlung.de\/shop\/<\/a><\/li>\n<li>Buchhandlung &#8222;Der andere Buchladen&#8220;<br \/>Dionysiusstr. 7,\u00a047798 Krefeld<br \/>Webseite: <a href=\"http:\/\/der-andere-buchladen-krefeld.de\">http:\/\/der-andere-buchladen-krefeld.de<\/a><\/li>\n<li>Quodlibet Buchhandlung oHG<br \/>Kellereistr. 10, 67433 Neustadt<br \/>Webseite: <a href=\"https:\/\/quodlibet.de\">https:\/\/quodlibet.de<\/a><\/li>\n<li>NEUES KUNSTHAUS<br \/>des K\u00fcnstlerhaus Ahrenshoop e.V.<br \/>Bernhard-Seitz-Weg 3a, 18347 Ahrenshoop<br \/><a href=\"http:\/\/neues-kunsthaus-ahrenshoop.de\">http:\/\/neues-kunsthaus-ahrenshoop.de<\/a><\/li>\n<li>\n<p style=\"font-weight: 400;\">Buchhandlung Lesezeit UG<br \/>Gesch\u00e4ftsf\u00fchrerin Sabine Friemond<br \/>Bahnhofstr 61, 46562 Voerde<br \/><a href=\"http:\/\/buchhandlung-lesezeit.eu\">http:\/\/buchhandlung-lesezeit.eu<\/a> <\/p>\n<\/li>\n<\/ul>\n<p>[\/et_pb_text][\/et_pb_column][\/et_pb_row][\/et_pb_section]<\/p>\n","protected":false},"excerpt":{"rendered":"<p>Willich, 28.01.2021 Nach der Sendung des WDR vom 26.01.2021 erreichen uns viele Anfragen zum Kauf des Buchs. Wir sind aktuell dabei weitere Vertriebswege zu erschlie\u00dfen.Auf dieser Seite informieren wir sie st\u00e4ndig mit aktuellen Infos \u00fcber die bestehenden Bezugsquellen. H\u00e4ndler die ebenfalls das Buch verkaufen m\u00f6chten wenden sich bitte \u00fcber das Kontaktformular an unsere Administration. Endverbraucher [&hellip;]<\/p>\n","protected":false},"author":1,"featured_media":0,"parent":0,"menu_order":0,"comment_status":"closed","ping_status":"closed","template":"","meta":{"_et_pb_use_builder":"on","_et_pb_old_content":"","_et_gb_content_width":"","footnotes":""},"folder":[],"class_list":["post-1862","page","type-page","status-publish","hentry"],"_links":{"self":[{"href":"https:\/\/wildermuell-lebensgefahrfuertiere.de\/index.php\/wp-json\/wp\/v2\/pages\/1862","targetHints":{"allow":["GET"]}}],"collection":[{"href":"https:\/\/wildermuell-lebensgefahrfuertiere.de\/index.php\/wp-json\/wp\/v2\/pages"}],"about":[{"href":"https:\/\/wildermuell-lebensgefahrfuertiere.de\/index.php\/wp-json\/wp\/v2\/types\/page"}],"author":[{"embeddable":true,"href":"https:\/\/wildermuell-lebensgefahrfuertiere.de\/index.php\/wp-json\/wp\/v2\/users\/1"}],"replies":[{"embeddable":true,"href":"https:\/\/wildermuell-lebensgefahrfuertiere.de\/index.php\/wp-json\/wp\/v2\/comments?post=1862"}],"version-history":[{"count":9,"href":"https:\/\/wildermuell-lebensgefahrfuertiere.de\/index.php\/wp-json\/wp\/v2\/pages\/1862\/revisions"}],"predecessor-version":[{"id":2422,"href":"https:\/\/wildermuell-lebensgefahrfuertiere.de\/index.php\/wp-json\/wp\/v2\/pages\/1862\/revisions\/2422"}],"wp:attachment":[{"href":"https:\/\/wildermuell-lebensgefahrfuertiere.de\/index.php\/wp-json\/wp\/v2\/media?parent=1862"}],"wp:term":[{"taxonomy":"folder","embeddable":true,"href":"https:\/\/wildermuell-lebensgefahrfuertiere.de\/index.php\/wp-json\/wp\/v2\/folder?post=1862"}],"curies":[{"name":"wp","href":"https:\/\/api.w.org\/{rel}","templated":true}]}}