{"id":2977,"date":"2025-01-14T17:12:43","date_gmt":"2025-01-14T16:12:43","guid":{"rendered":"https:\/\/wildermuell-lebensgefahrfuertiere.de\/?page_id=2977"},"modified":"2025-01-28T20:36:09","modified_gmt":"2025-01-28T19:36:09","slug":"informationen-zum-projekt-wilder-muell-lebensgefahr-fuer-tiere","status":"publish","type":"page","link":"https:\/\/wildermuell-lebensgefahrfuertiere.de\/index.php\/informationen-zum-projekt-wilder-muell-lebensgefahr-fuer-tiere\/","title":{"rendered":"Informationen zum Projekt Wilder M\u00fcll &#8211; Lebensgefahr f\u00fcr Tiere"},"content":{"rendered":"<p>[et_pb_section fb_built=&#8220;1&#8243; _builder_version=&#8220;4.27.4&#8243; _module_preset=&#8220;default&#8220; global_colors_info=&#8220;{}&#8220;][et_pb_row _builder_version=&#8220;4.27.4&#8243; _module_preset=&#8220;default&#8220; global_colors_info=&#8220;{}&#8220;][et_pb_column type=&#8220;4_4&#8243; _builder_version=&#8220;4.27.4&#8243; _module_preset=&#8220;default&#8220; global_colors_info=&#8220;{}&#8220;][et_pb_image src=&#8220;https:\/\/wildermuell-lebensgefahrfuertiere.de\/wp-content\/uploads\/2020\/02\/Blesshuhn_auf_Muellnest.jpg&#8220; title_text=&#8220;Blesshuhn_auf_Muellnest&#8220; _builder_version=&#8220;4.27.4&#8243; _module_preset=&#8220;default&#8220; custom_margin=&#8220;-70px||-76px||false|false&#8220; global_colors_info=&#8220;{}&#8220;][\/et_pb_image][\/et_pb_column][\/et_pb_row][et_pb_row _builder_version=&#8220;4.27.4&#8243; _module_preset=&#8220;default&#8220; global_colors_info=&#8220;{}&#8220;][et_pb_column type=&#8220;4_4&#8243; _builder_version=&#8220;4.27.4&#8243; _module_preset=&#8220;default&#8220; global_colors_info=&#8220;{}&#8220;][et_pb_text _builder_version=&#8220;4.27.4&#8243; _module_preset=&#8220;default&#8220; hover_enabled=&#8220;0&#8243; global_colors_info=&#8220;{}&#8220; sticky_enabled=&#8220;0&#8243;]<\/p>\n<h3>Projekt Wilder M\u00fcll &#8211; Lebensgefahr f\u00fcr Tiere.<\/h3>\n<p>31.12.2024<\/p>\n<p>1 &#8211;<a href=\"#anker1\">Warum wurde das Projekt von uns gegr\u00fcndet?<\/a><br \/>2 &#8211;<a href=\"#anker2\">Ziele des Projektes<\/a><br \/>3 &#8211;<a href=\"#anker3\">Die Ausstellung<\/a><br \/>4 &#8211;<a href=\"#anker4\">Das Buch<\/a><br \/>5 &#8211;<a href=\"#anker5\">Der KITA\/OGS Koffer<\/a><br \/>6 &#8211;<a href=\"#anker6\">Die Kippen Kampagne<\/a><br \/>7 &#8211;<a href=\"#anker7\">Der Luftballon Flyer<\/a><\/p>\n<p>&nbsp;<\/p>\n<h4 id=\"anker1\">1 Warum wurde das Projekt von uns gegr\u00fcndet?<\/h4>\n<p>Das Leid der Tiere, verursacht durch den \u201eWilden M\u00fcll\u201c, hier, direkt vor unserer Haust\u00fcre, ist unermesslich. Unvorstellbar viele Tiere m\u00fcssen qualvoll sterben, nur, weil M\u00fcll achtlos in die Gegend geworfen wird. Auch die Folgen f\u00fcr Menschen, B\u00f6den, Gew\u00e4sser und Pflanzen sind katastrophal. Deshalb haben wir uns vor neun Jahren entschlossen das Projekt zu gr\u00fcnden.<\/p>\n<h4 id=\"anker2\">2 Ziele des Projektes<\/h4>\n<p>Wir wollen die Menschen <span style=\"color: #ff0000;\"><em>aufkl\u00e4ren<\/em><\/span> dass Tiere durch den \u201eWilden M\u00fcll\u201c qualvoll verenden k\u00f6nnen. Auch \u00fcber die weiteren Folgen kl\u00e4ren wir auf.<br \/>&#8211; Fotos und auch Pr\u00e4parate, die nach Originalfotos bearbeitet wurden, wecken <span style=\"color: #ff0000;\"><em>Mitgef\u00fchl<\/em><\/span> beim Betrachter.<br \/>&#8211; Wir bitten darum uns in unseren Bem\u00fchungen, Menschen aufzukl\u00e4ren, zu <a href=\"https:\/\/wildermuell-lebensgefahrfuertiere.de\/index.php\/spenden\/\" target=\"_blank\" rel=\"noopener\"><span style=\"color: #ff0000;\"><em>unterst\u00fctzen<\/em><\/span><\/a>.<\/p>\n<h4 id=\"anker3\">3 Die Ausstellung<\/h4>\n<p>Die <a href=\"https:\/\/wildermuell-lebensgefahrfuertiere.de\/index.php\/924-2\/\" target=\"_blank\" rel=\"noopener\"><span style=\"color: #ff0000;\"><em>Ausstellung<\/em><\/span><\/a>, f\u00fcr die wir schon f\u00fcr die erste Version, den <em>Umweltpreis der Stadt Willich<\/em> erhielten, bieten wir kostenlos weiterf\u00fchrenden Schulen an.<br \/>Auch durch die ganzen Materialien, mit denen Schulen arbeiten k\u00f6nnen, entstehen den Schulen keine Kosten, wir bezahlen alles von unseren Projektbezogenen Spenden.<br \/>Bisher stellten wir aus:<\/p>\n<table style=\"border-collapse: collapse; width: 100%; height: 216px;\" border=\"1\">\n<tbody>\n<tr style=\"height: 24px;\">\n<td style=\"width: 50%; height: 24px;\">Im Thomaeum<\/td>\n<td style=\"width: 50%; height: 24px;\">Kempen<\/td>\n<\/tr>\n<tr style=\"height: 24px;\">\n<td style=\"width: 50%; height: 24px;\">In der Leonardo da Vinci Schule 2x<\/td>\n<td style=\"width: 50%; height: 24px;\">Willich<\/td>\n<\/tr>\n<tr style=\"height: 48px;\">\n<td style=\"width: 50%; height: 48px;\">In der Robert Schumann Europa Schule 2x<\/td>\n<td style=\"width: 50%; height: 48px;\">Willich<\/td>\n<\/tr>\n<tr style=\"height: 24px;\">\n<td style=\"width: 50%; height: 24px;\">Im Lise- Meitner- Gymnasium<\/td>\n<td style=\"width: 50%; height: 24px;\">Willich<\/td>\n<\/tr>\n<tr style=\"height: 24px;\">\n<td style=\"width: 50%; height: 24px;\">In der Janusz Korczak Realschule<\/td>\n<td style=\"width: 50%; height: 24px;\">Schwalmtal<\/td>\n<\/tr>\n<tr style=\"height: 24px;\">\n<td style=\"width: 50%; height: 24px;\">Im St Bernhard Gymnasium<\/td>\n<td style=\"width: 50%; height: 24px;\">Willich<\/td>\n<\/tr>\n<tr style=\"height: 48px;\">\n<td style=\"width: 50%; height: 48px;\">Im Erasmus von Rotterdam Gymnasium<\/td>\n<td style=\"width: 50%; height: 48px;\">Viersen<\/td>\n<\/tr>\n<\/tbody>\n<\/table>\n<p>&nbsp;<\/p>\n<p>Die Schulen arbeiten sehr intensiv mit der Ausstellung.<br \/>Es gibt <em>Projekttage<\/em> zum Thema, <em>Songs<\/em> entstehen.<br \/><em>M\u00fclltageb\u00fccher<\/em> werden gef\u00fchrt.<br \/>Es gibt <em>Veranstaltungen f\u00fcr Grundschulen<\/em>. Sch\u00fcler, von uns grunds\u00e4tzlich bei jedem Termin zu Experten ausgebildet, f\u00fchren durch die Ausstellung. Unser <a href=\"https:\/\/wildermuell-lebensgefahrfuertiere.de\/index.php\/das-buch-bezugsquellen\/\" target=\"_blank\" rel=\"noopener\">Kinderbuch<\/a> wird vorgelesen, es wird gemalt und vieles mehr\u2026<br \/>Auch bei <em>Jugend forscht<\/em> nimmt man mit dem Thema Kippen teil. In fast <em>allen F\u00e4chern<\/em> wird das Thema behandelt- so auch in Religion, Philosophie, Biologie, Chemie, Deutsch, Kunst, Musik, \u2026<br \/>Ganz herausragend sind die <em>Bilder und Skulpturen<\/em> zum Projekt. Auch <em>Cartoons<\/em> entstehen! Taschenaschenbecher werden gestaltet.<br \/>Aber damit nicht genug,<br \/>die Sch\u00fcler schreiben auch <em>Gedichte<\/em>!!! Ein <em>M\u00fcllfriedhof<\/em> wird angelegt. Ganz besonders gro\u00dfartig war die <em>Abschlussveranstaltung<\/em> der Janusz Korczak Realschule in Schwalmtal.<\/p>\n<h4 id=\"anker4\">4 Das Buch<\/h4>\n<p>F\u00fcr unser <a href=\"https:\/\/wildermuell-lebensgefahrfuertiere.de\/index.php\/das-buch-bezugsquellen\/\" target=\"_blank\" rel=\"noopener\"><span style=\"color: #ff0000;\"><em>Kinderbuch zum Projekt<\/em><\/span><\/a>, erhielten wir den <a href=\"https:\/\/wildermuell-lebensgefahrfuertiere.de\/index.php\/2021\/09\/02\/nachhaltigkeitspreis-der-stadt-willich-fuer-unser-buch\/\" target=\"_blank\" rel=\"noopener\"><em>Nachhaltigkeitspreis<\/em> der Stadt Willich<\/a>. Alle 1800 Grundsch\u00fcler der Stadt Willich bekamen von uns 2020 das Buch geschenkt, Sponsoren machten es m\u00f6glich. Auch die Kitas und die B\u00fcchereien der Stadt Willich statteten wir mit dem Buch aus.<br \/>Die Kinder reagieren gro\u00dfartig auf das Buch, werfen nun keinen M\u00fcll mehr in die Gegend, achten auch darauf, dass ihre Eltern, Geschwister und Freunde ebenfalls \u201eWilden M\u00fcll\u201c vermeiden. Und so hat Herr Pakusch, unser B\u00fcrgermeister, entschieden, dass nun jedes neu eingeschulte Kind das Buch von der Stadt geschenkt bekommt. Im Jahr 2024 (Haushaltsperre) \u00fcberreichten wir allen Schulneulingen das Kinderbuch, von unseren <a href=\"https:\/\/wildermuell-lebensgefahrfuertiere.de\/index.php\/spenden\/\" target=\"_blank\" rel=\"noopener\">Spenden<\/a> bezahlt. Zu dem Buch entwickelten wir <a href=\"https:\/\/wildermuell-lebensgefahrfuertiere.de\/index.php\/kita-ogs-koffer\/\" target=\"_blank\" rel=\"noopener\">umfangreiches didaktisches Material<\/a>.<\/p>\n<h4 id=\"anker5\">5 Der KITA\/OGS Koffer<\/h4>\n<p>Im Jahr 2024, wollten wir auch schon <em>die Kleinsten<\/em> f\u00fcr das Problem \u201eWilder M\u00fcll\u201c sensibilisieren. Wir packten <em>4 <a href=\"https:\/\/wildermuell-lebensgefahrfuertiere.de\/index.php\/kita-ogs-koffer\/\" target=\"_blank\" rel=\"noopener\"><span style=\"color: #ff0000;\">KITA\/OGS Koffer<\/span><\/a><\/em>, die auf Wunsch der KITAS und der OGS ausgeliehen werden k\u00f6nnen. Daf\u00fcr nahmen wir noch einmal 3000,- Euro in die Hand.<br \/>Es ist uns gelungen eine ausgebildete Erzieherin zu finden, die mit dem Koffer, auf Anfrage, in die Kitas in Willich kommen w\u00fcrde.<br \/>Wir packen hinein:<br \/>Das Kinderbuch, Kamishibai (japanisches Erz\u00e4hltheater), Handpuppen, Bildkarten zum Buch, Stempel der Tierfiguren und des Spruchs- Danke, dass du uns Tieren hilfst-, unser Kinderlied, Text Kinderlied, Urkunden, Suchbilder, Ausmalbilder, Sticker der Bilderbuchtiere, Stundenplan, Anstecker Experte, Daumenkinos, Spr\u00fchschablonen, Kresse Versuche \u201eKleine Forscher\u201c, Plakate \u201eDanke, dass du uns Tieren hilfst\u201c und vieles mehr.<br \/>Nat\u00fcrlich auch eine Anleitung zum Umgang mit dem Inhalt\u2026<\/p>\n<h4 id=\"anker6\">6 Die Kippen Kampagne<\/h4>\n<p>Wir starteten eine <a href=\"https:\/\/wildermuell-lebensgefahrfuertiere.de\/index.php\/auf-der-kippe\/\" target=\"_blank\" rel=\"noopener\"><span style=\"color: #ff0000;\"><em>Kippen Kampagne<\/em><\/span><\/a>.<br \/>Daf\u00fcr setzen wir ein:<br \/>15000 St Leporello \u201eWie gef\u00e4hrlich sind Kippen\u201c 12000 wurden schon in Willich verteilt.<br \/>6000 Flyer \u201eDieser Hund konnte gerettet werden\u201c<br \/>Handout Kippen &#8211; Noch umfangreicher in der Information als das Leporello<br \/><a href=\"https:\/\/wildermuell-lebensgefahrfuertiere.de\/index.php\/2023\/06\/01\/premierenfeier-zum-kippenrap-ein-voller-erfolg\/\" target=\"_blank\" rel=\"noopener\">Kippen Song Video<\/a> -Wir baten Andi Baumert, Leiter des Jugendtreffs H\u00fclse, darum. Auch wir machten mit! Clicks bis zum 31.12.2024 :2365<br \/>Das Video ist gro\u00dfartig geworden! Schon achtj\u00e4hrige Sch\u00fcler nahmen begeistert an der Erstellung teil.<br \/>Boden Tattoos Die Schulen und Kitas erhalten daf\u00fcr Schablonen von uns.<br \/>Plakate 4 verschiedene Motive in den Gr\u00f6\u00dfen A0 bis A4.<br \/>Kresse Experimente -Auch schon in den KITAS- \u201eKleine Forscher\u201c<br \/>Taschenaschenbecher: Ziel etwa 5000 St\u00fcck kostenlos verteilen.<br \/><a href=\"https:\/\/wildermuell-lebensgefahrfuertiere.de\/index.php\/kippenbarometer\/\" target=\"_blank\" rel=\"noopener\">Kippen Barometer<\/a> : Mit den ersten 7 montierten Barometern werden wir voraussichtlich im Jahr <span style=\"color: #ff0000;\">10000 Kippen<\/span> in Willich sammeln. Diese Kippen vergiften nun nicht mehr unsere Umwelt, sind keine Gefahr mehr f\u00fcr Kleinkinder und Tiere. Wir werden 2025 weitere 12 Barometer einsetzen.<\/p>\n<p>Plakat Adaptionen auf Fahrzeugen<\/p>\n<h4 id=\"anker7\">7 Der Luftballon Flyer<\/h4>\n<p>Der <a href=\"https:\/\/wildermuell-lebensgefahrfuertiere.de\/index.php\/ballon\/\" target=\"_blank\" rel=\"noopener\">Luftballon Flyer<\/a>:<br \/>Den meisten Menschen ist nicht bewusst wie gef\u00e4hrlich Luftballonreste f\u00fcr Tiere ist. Aus diesem Grund entwickelten wir diesen Flyer. Bisher verteilt: 4000 ST<br \/>Tiere fressen die Reste der Ballons und sterben qualvoll daran. In Willich l\u00e4sst nun keine Schule mehr Luftballons zur Einschulung und anderen Ereignissen mehr steigen.<\/p>\n<p>Wir gehen das Problem \u201eWilder M\u00fcll\u201c <span style=\"color: #ff0000;\"><em>nachhaltig<\/em><\/span> an.<br \/>Die Clean Up Bewegungen sagen uns immer:<br \/>Kaum haben wir eine Fl\u00e4che freiger\u00e4umt ist sie wieder verm\u00fcllt!<\/p>\n<p>Kosten pro Jahr:<br \/>Wir Steuerzahler m\u00fcssen <a href=\"https:\/\/wildermuell-lebensgefahrfuertiere.de\/index.php\/2020\/08\/23\/1650\/\" target=\"_blank\" rel=\"noopener\"><span style=\"color: #ff0000;\">pro Jahr 700 Millionen<\/span><\/a> f\u00fcr das Entsorgen des \u201eWilden M\u00fclls\u201c bezahlen!!! <em><span style=\"color: #ff0000;\">Im Kreis Viersen fallen 2,5 Millionen daf\u00fcr an<\/span><\/em>.<\/p>\n<p>Ausblick:<br \/>Auf jeden Fall wollen wir das <span style=\"color: #ff0000;\">Kinderbuch in <em>einfacher Sprache<\/em><\/span> herausbringen. -F\u00fcr F\u00f6rderschulen und Neub\u00fcrger.<br \/>Mit dem F\u00f6rderzentrum Ost in Viersen haben wir schon erfolgreich zusammengearbeitet und wissen wie leicht man diese Kinder erreichen kann!<\/p>\n<p>Unsere Auszeichnungen:<\/p>\n<p>&#8211; Im Jahr 2018 verlieh uns die Stadt Willich den <span style=\"color: #ff0000;\">Umweltpreis der Stadt Willich<\/span> schon f\u00fcr die erste Version unserer Ausstellung<br \/>&#8211; 2020 dann erhielten wir den <a href=\"https:\/\/wildermuell-lebensgefahrfuertiere.de\/index.php\/2021\/09\/02\/nachhaltigkeitspreis-der-stadt-willich-fuer-unser-buch\/\" target=\"_blank\" rel=\"noopener\"><span style=\"color: #ff0000;\">Nachhaltigkeitspreis der Stadt Willich f\u00fcr unser Kinderbuch<\/span><\/a><br \/>&#8211; Am 5.1.2024 erhielten wir von der Gemeinde Schwalmtal den <em><span style=\"color: #ff0000;\">Sonderpreis f\u00fcr besonderes B\u00fcrgerschaftliches Engagement.<\/span><\/em><br \/>-Am 4.Oktober 2024 wurde uns <em><span style=\"color: #ff0000;\">der <a href=\"https:\/\/wildermuell-lebensgefahrfuertiere.de\/index.php\/2024\/10\/07\/regenbogenpreis-2024-fuer-unser-projekt\/\" target=\"_blank\" rel=\"noopener\">Regenbogenpreis der Gr\u00fcnen im LVR<\/a> Rheinland \u00fcberreicht.<\/span><\/em><br \/>\u201eWilder M\u00fcll, Lebensgefahr f\u00fcr Tiere\u201c ist ein eigenst\u00e4ndiges Projekt. Da wir beide Mitglieder im NABU sind und privat keine Spenden einwerben k\u00f6nnen, haben wir seinerzeit mit dem NABU Krefeld\/Viersen abgestimmt, dass wir dort eine eigene Kostenstelle bekamen und alle Spenden und Kosten dar\u00fcber abwickeln.<\/p>\n<p><em>Das Team<\/em><br \/><em>Elita und Benno Grafke<\/em>, Projektgr\u00fcnder. Ehrenamtlich entwickeln wir das Projekt seit nunmehr fast 9 Jahren.<br \/><em>Klaus Keipke<\/em> erstellte ehrenamtlich unsere Website und betreut sie weiterhin.<\/p>\n<p><em>Unser Logo<\/em> meldeten wir auf Elita Grafke zur \u201eWort und Bildmarke\u201c beim Patentamt an.<\/p>\n<p>[\/et_pb_text][\/et_pb_column][\/et_pb_row][\/et_pb_section]<\/p>\n","protected":false},"excerpt":{"rendered":"<p>Projekt Wilder M\u00fcll &#8211; Lebensgefahr f\u00fcr Tiere. 31.12.2024 1 -Warum wurde das Projekt von uns gegr\u00fcndet?2 -Ziele des Projektes3 -Die Ausstellung4 -Das Buch5 -Der KITA\/OGS Koffer6 -Die Kippen Kampagne7 -Der Luftballon Flyer &nbsp; 1 Warum wurde das Projekt von uns gegr\u00fcndet? Das Leid der Tiere, verursacht durch den \u201eWilden M\u00fcll\u201c, hier, direkt vor unserer Haust\u00fcre, [&hellip;]<\/p>\n","protected":false},"author":1,"featured_media":0,"parent":0,"menu_order":0,"comment_status":"closed","ping_status":"closed","template":"","meta":{"_et_pb_use_builder":"on","_et_pb_old_content":"","_et_gb_content_width":"","footnotes":""},"folder":[],"class_list":["post-2977","page","type-page","status-publish","hentry"],"_links":{"self":[{"href":"https:\/\/wildermuell-lebensgefahrfuertiere.de\/index.php\/wp-json\/wp\/v2\/pages\/2977","targetHints":{"allow":["GET"]}}],"collection":[{"href":"https:\/\/wildermuell-lebensgefahrfuertiere.de\/index.php\/wp-json\/wp\/v2\/pages"}],"about":[{"href":"https:\/\/wildermuell-lebensgefahrfuertiere.de\/index.php\/wp-json\/wp\/v2\/types\/page"}],"author":[{"embeddable":true,"href":"https:\/\/wildermuell-lebensgefahrfuertiere.de\/index.php\/wp-json\/wp\/v2\/users\/1"}],"replies":[{"embeddable":true,"href":"https:\/\/wildermuell-lebensgefahrfuertiere.de\/index.php\/wp-json\/wp\/v2\/comments?post=2977"}],"version-history":[{"count":11,"href":"https:\/\/wildermuell-lebensgefahrfuertiere.de\/index.php\/wp-json\/wp\/v2\/pages\/2977\/revisions"}],"predecessor-version":[{"id":3073,"href":"https:\/\/wildermuell-lebensgefahrfuertiere.de\/index.php\/wp-json\/wp\/v2\/pages\/2977\/revisions\/3073"}],"wp:attachment":[{"href":"https:\/\/wildermuell-lebensgefahrfuertiere.de\/index.php\/wp-json\/wp\/v2\/media?parent=2977"}],"wp:term":[{"taxonomy":"folder","embeddable":true,"href":"https:\/\/wildermuell-lebensgefahrfuertiere.de\/index.php\/wp-json\/wp\/v2\/folder?post=2977"}],"curies":[{"name":"wp","href":"https:\/\/api.w.org\/{rel}","templated":true}]}}