{"id":3420,"date":"2025-12-04T20:14:52","date_gmt":"2025-12-04T19:14:52","guid":{"rendered":"https:\/\/wildermuell-lebensgefahrfuertiere.de\/?page_id=3420"},"modified":"2025-12-04T20:14:53","modified_gmt":"2025-12-04T19:14:53","slug":"kippenbarometer-2","status":"publish","type":"page","link":"https:\/\/wildermuell-lebensgefahrfuertiere.de\/index.php\/kippenbarometer-2\/","title":{"rendered":"Kippenbarometer"},"content":{"rendered":"<p>[et_pb_section fb_built=&#8220;1&#8243; _builder_version=&#8220;4.27.4&#8243; _module_preset=&#8220;default&#8220; global_colors_info=&#8220;{}&#8220;][et_pb_row _builder_version=&#8220;4.27.4&#8243; _module_preset=&#8220;default&#8220; global_colors_info=&#8220;{}&#8220;][et_pb_column type=&#8220;4_4&#8243; _builder_version=&#8220;4.27.4&#8243; _module_preset=&#8220;default&#8220; global_colors_info=&#8220;{}&#8220;][et_pb_text _builder_version=&#8220;4.27.4&#8243; _module_preset=&#8220;default&#8220; hover_enabled=&#8220;0&#8243; sticky_enabled=&#8220;0&#8243;]<\/p>\n<h3>Kippenbarometer &#8211; eine m\u00f6gliche L\u00f6sung zum Kippenm\u00fcll<\/h3>\n<p>Das Barometer ist so einfach wie genial.<\/p>\n<p>Auf lustige Art und Weise werden Raucher:innen motiviert ihre Kippen nicht einfach wegzuwerfen. Jedes Jahr landen ca. 49 Mrd Kippen in der Umwelt und verpesten diese mit ihren giftigen Bestandteilen.<\/p>\n<p>Das Kippenbarometer bietet 2 Einwurfm\u00f6glichkeiten und eine Vorrichtung um die Kippe zu l\u00f6schen.<\/p>\n<p>Mit der Auswahl stimmen die Raucher ab &#8222;Pizza oder Pommes&#8220;, &#8222;Fisch oder Fleisch&#8220;. Jede interessante Frage f\u00fchrt zum Einfolg.<\/p>\n<p>Seit der Einf\u00fchrung an diversen Stellen im Stadtgebiet von Willich wurden schon tausende Kippen gesammelt.<\/p>\n<p>Wir und die Umwelt sagen danke.<\/p>\n<p>Auf dieser Seite finden sie alle Artikel zu unserem Projekt &#8222;Kippenbarometer&#8220;.<\/p>\n<p>[\/et_pb_text][et_pb_blog posts_number=&#8220;6&#8243; include_categories=&#8220;34&#8243; _builder_version=&#8220;4.27.4&#8243; _module_preset=&#8220;default&#8220; hover_enabled=&#8220;0&#8243; global_colors_info=&#8220;{}&#8220; fullwidth=&#8220;off&#8220; sticky_enabled=&#8220;0&#8243;][\/et_pb_blog][\/et_pb_column][\/et_pb_row][\/et_pb_section]<\/p>\n","protected":false},"excerpt":{"rendered":"<p>Kippenbarometer &#8211; eine m\u00f6gliche L\u00f6sung zum Kippenm\u00fcll Das Barometer ist so einfach wie genial. Auf lustige Art und Weise werden Raucher:innen motiviert ihre Kippen nicht einfach wegzuwerfen. Jedes Jahr landen ca. 49 Mrd Kippen in der Umwelt und verpesten diese mit ihren giftigen Bestandteilen. Das Kippenbarometer bietet 2 Einwurfm\u00f6glichkeiten und eine Vorrichtung um die Kippe [&hellip;]<\/p>\n","protected":false},"author":1,"featured_media":0,"parent":0,"menu_order":0,"comment_status":"closed","ping_status":"closed","template":"","meta":{"_et_pb_use_builder":"on","_et_pb_old_content":"","_et_gb_content_width":"","footnotes":""},"folder":[],"class_list":["post-3420","page","type-page","status-publish","hentry"],"_links":{"self":[{"href":"https:\/\/wildermuell-lebensgefahrfuertiere.de\/index.php\/wp-json\/wp\/v2\/pages\/3420","targetHints":{"allow":["GET"]}}],"collection":[{"href":"https:\/\/wildermuell-lebensgefahrfuertiere.de\/index.php\/wp-json\/wp\/v2\/pages"}],"about":[{"href":"https:\/\/wildermuell-lebensgefahrfuertiere.de\/index.php\/wp-json\/wp\/v2\/types\/page"}],"author":[{"embeddable":true,"href":"https:\/\/wildermuell-lebensgefahrfuertiere.de\/index.php\/wp-json\/wp\/v2\/users\/1"}],"replies":[{"embeddable":true,"href":"https:\/\/wildermuell-lebensgefahrfuertiere.de\/index.php\/wp-json\/wp\/v2\/comments?post=3420"}],"version-history":[{"count":5,"href":"https:\/\/wildermuell-lebensgefahrfuertiere.de\/index.php\/wp-json\/wp\/v2\/pages\/3420\/revisions"}],"predecessor-version":[{"id":3429,"href":"https:\/\/wildermuell-lebensgefahrfuertiere.de\/index.php\/wp-json\/wp\/v2\/pages\/3420\/revisions\/3429"}],"wp:attachment":[{"href":"https:\/\/wildermuell-lebensgefahrfuertiere.de\/index.php\/wp-json\/wp\/v2\/media?parent=3420"}],"wp:term":[{"taxonomy":"folder","embeddable":true,"href":"https:\/\/wildermuell-lebensgefahrfuertiere.de\/index.php\/wp-json\/wp\/v2\/folder?post=3420"}],"curies":[{"name":"wp","href":"https:\/\/api.w.org\/{rel}","templated":true}]}}