{"id":607,"date":"2020-02-07T12:13:39","date_gmt":"2020-02-07T11:13:39","guid":{"rendered":"https:\/\/wildermuell-lebensgefahrfuertiere.de\/?page_id=607"},"modified":"2025-11-13T22:59:18","modified_gmt":"2025-11-13T21:59:18","slug":"galerie","status":"publish","type":"page","link":"https:\/\/wildermuell-lebensgefahrfuertiere.de\/index.php\/galerie\/","title":{"rendered":"Galerie"},"content":{"rendered":"<p>[et_pb_section fb_built=&#8220;1&#8243; _builder_version=&#8220;4.16&#8243; global_colors_info=&#8220;{}&#8220;][et_pb_row _builder_version=&#8220;4.16&#8243; global_colors_info=&#8220;{}&#8220;][et_pb_column type=&#8220;4_4&#8243; _builder_version=&#8220;4.16&#8243; global_colors_info=&#8220;{}&#8220;][et_pb_text _builder_version=&#8220;4.16&#8243; global_colors_info=&#8220;{}&#8220;]<\/p>\n<h3>Herzlichen Dank!<\/h3>\n<p>Unser Dank gilt allen die uns ihre Aufnahmen zum Projekt zur Verf\u00fcgung stellten.<br \/> Erst dadurch k\u00f6nnen wir eindrucksvoll in unserer Galerie zeigen wie gef\u00e4hrlich der \u201eWilde M\u00fcll\u201c f\u00fcr Tiere ist.<\/p>\n<p>Besonderer Dank gilt Elisabeth B\u00fcttner.<br \/> Mit einer Vielzahl hervorragender Fotos wurde unser Projekt von ihr unterst\u00fctzt.<span>\u00a0 <\/span><\/p>\n<p>Auch Klaus Keipke bereicherte unsere Fotogalerie mit vielen wichtigen Bildern und einem Video.<\/p>\n<h3>So kannst auch Du uns helfen:<\/h3>\n<p>Bitte unterst\u00fctze auch Du unser Projekt mit Deinen Fotos und Videos zum Thema.<br \/> Ggf. nehmen sie mit uns Verbindung auf \u00fcber unser <a href=\"https:\/\/wildermuell-lebensgefahrfuertiere.de\/index.php\/kontakt\/\">Kontaktformular<\/a> oder wenden sich an einen unserer <a href=\"https:\/\/wildermuell-lebensgefahrfuertiere.de\/index.php\/impressum\/\">Ansprechpartner<\/a>.<\/p>\n<p><strong>Danke!<\/strong><\/p>\n<p>[\/et_pb_text][et_pb_text _builder_version=&#8220;4.27.4&#8243; _module_preset=&#8220;default&#8220; background_color=&#8220;#eeefaa&#8220; hover_enabled=&#8220;0&#8243; global_colors_info=&#8220;{}&#8220; sticky_enabled=&#8220;0&#8243;]<\/p>\n<h3>Hinweis zum Copyright f\u00fcr die hier dargestellten Bilder und sonstigen Medien:<\/h3>\n<p>Die Bilder wurden uns von den Urhebern\/Rechteinhabern nur f\u00fcr die Verwendung in unserem Projekt \u00fcberlassen. Jede weitere Nutzung au\u00dferhalb unseres Projektes erfordert die Genehmigung der Urheber bzw. der Rechteinhaber. F\u00fcr weitere Informationen stehen wir ihnen gerne zur Verf\u00fcgung. Wir danken f\u00fcr ihr Verst\u00e4ndnis!<\/p>\n<p>[\/et_pb_text][et_pb_text _builder_version=&#8220;4.16&#8243; global_colors_info=&#8220;{}&#8220;]<\/p>\n<h2>Plastikteile<\/h2>\n<p>[\/et_pb_text][et_pb_gallery gallery_ids=&#8220;866,1280,894,2786,1283,1989,892,891,1286,3356,3355,2688,1614,886,893,1023,1477,869,885,884,883,2687,1291,1294,882,881,1997,880,879,1971,878,877,876,875,874,873,1796,1795,872,871,870,868,867,864,592,591,590,589,588,587,586,1473&#8243; posts_number=&#8220;12&#8243; show_title_and_caption=&#8220;off&#8220; _builder_version=&#8220;4.27.4&#8243; global_colors_info=&#8220;{}&#8220;][\/et_pb_gallery][et_pb_text _builder_version=&#8220;4.16&#8243; global_colors_info=&#8220;{}&#8220;]<\/p>\n<h2>Ballons und Ballonreste<\/h2>\n<p>[\/et_pb_text][et_pb_gallery gallery_ids=&#8220;865,853,854,856,857,860,861,862,863&#8243; show_title_and_caption=&#8220;off&#8220; _builder_version=&#8220;4.16&#8243; global_colors_info=&#8220;{}&#8220;][\/et_pb_gallery][et_pb_text _builder_version=&#8220;4.16&#8243; global_colors_info=&#8220;{}&#8220;]<\/p>\n<h2>Glasteile<\/h2>\n<p>[\/et_pb_text][et_pb_gallery gallery_ids=&#8220;899,898,897,896&#8243; show_title_and_caption=&#8220;off&#8220; _builder_version=&#8220;4.16&#8243; global_colors_info=&#8220;{}&#8220;][\/et_pb_gallery][et_pb_text _builder_version=&#8220;4.16&#8243; global_colors_info=&#8220;{}&#8220;]<\/p>\n<h2>Zigarettenkippen<\/h2>\n<p>[\/et_pb_text][et_pb_gallery gallery_ids=&#8220;852&#8243; show_title_and_caption=&#8220;off&#8220; _builder_version=&#8220;4.24.3&#8243; global_colors_info=&#8220;{}&#8220;][\/et_pb_gallery][et_pb_text _builder_version=&#8220;4.16&#8243; global_colors_info=&#8220;{}&#8220;]<\/p>\n<h2>Schn\u00fcre und Draht<\/h2>\n<p>[\/et_pb_text][et_pb_gallery gallery_ids=&#8220;911,1116,1640,907,909,2787,912,2017,2440,1472,2814,900,2074,2073,2072,2071,2070,2069,2218,2217,2216,2350,2813&#8243; posts_number=&#8220;12&#8243; show_title_and_caption=&#8220;off&#8220; _builder_version=&#8220;4.24.3&#8243; global_colors_info=&#8220;{}&#8220;][\/et_pb_gallery][et_pb_text _builder_version=&#8220;4.16&#8243; global_colors_info=&#8220;{}&#8220;]<\/p>\n<h2>Angelschn\u00fcre und -haken<\/h2>\n<p>[\/et_pb_text][et_pb_gallery gallery_ids=&#8220;906,903,902,901,1328,1325,1306,1305,905,1797,904,859,858,855&#8243; posts_number=&#8220;8&#8243; show_title_and_caption=&#8220;off&#8220; _builder_version=&#8220;4.16&#8243; global_colors_info=&#8220;{}&#8220;][\/et_pb_gallery][et_pb_text _builder_version=&#8220;4.16&#8243; global_colors_info=&#8220;{}&#8220;]<\/p>\n<h2>Videos<\/h2>\n<p>[\/et_pb_text][et_pb_video_slider _builder_version=&#8220;4.16&#8243; global_colors_info=&#8220;{}&#8220;][et_pb_video_slider_item src=&#8220;https:\/\/wildermuell-lebensgefahrfuertiere.de\/wp-content\/uploads\/2020\/02\/helgoland_seevoegel_20160925.mp4&#8243; image_src=&#8220;https:\/\/wildermuell-lebensgefahrfuertiere.de\/wp-content\/uploads\/2020\/02\/helgoland_seevoegel_20160925_04-scaled.jpeg&#8220; _builder_version=&#8220;4.4.0&#8243; global_colors_info=&#8220;{}&#8220; show_image_overlay=&#8220;off&#8220;][\/et_pb_video_slider_item][et_pb_video_slider_item src=&#8220;https:\/\/wildermuell-lebensgefahrfuertiere.de\/wp-content\/uploads\/2020\/03\/Film_Damhirsch_Manfred_Hanitz.mp4&#8243; image_src=&#8220;https:\/\/wildermuell-lebensgefahrfuertiere.de\/wp-content\/uploads\/2020\/02\/Foto_damhirsch.jpg&#8220; _builder_version=&#8220;4.4.0&#8243; global_colors_info=&#8220;{}&#8220; show_image_overlay=&#8220;off&#8220;][\/et_pb_video_slider_item][\/et_pb_video_slider][et_pb_code _builder_version=&#8220;4.27.4&#8243; _module_preset=&#8220;default&#8220;][\/et_pb_code][et_pb_gallery gallery_ids=&#8220;908,571&#8243; _builder_version=&#8220;4.16&#8243; global_colors_info=&#8220;{}&#8220;][\/et_pb_gallery][\/et_pb_column][\/et_pb_row][\/et_pb_section]<\/p>\n","protected":false},"excerpt":{"rendered":"<p>Herzlichen Dank! Unser Dank gilt allen die uns ihre Aufnahmen zum Projekt zur Verf\u00fcgung stellten. Erst dadurch k\u00f6nnen wir eindrucksvoll in unserer Galerie zeigen wie gef\u00e4hrlich der \u201eWilde M\u00fcll\u201c f\u00fcr Tiere ist. Besonderer Dank gilt Elisabeth B\u00fcttner. Mit einer Vielzahl hervorragender Fotos wurde unser Projekt von ihr unterst\u00fctzt.\u00a0 Auch Klaus Keipke bereicherte unsere Fotogalerie mit [&hellip;]<\/p>\n","protected":false},"author":1,"featured_media":0,"parent":0,"menu_order":0,"comment_status":"closed","ping_status":"closed","template":"","meta":{"_et_pb_use_builder":"on","_et_pb_old_content":"","_et_gb_content_width":"","footnotes":""},"folder":[],"class_list":["post-607","page","type-page","status-publish","hentry"],"_links":{"self":[{"href":"https:\/\/wildermuell-lebensgefahrfuertiere.de\/index.php\/wp-json\/wp\/v2\/pages\/607","targetHints":{"allow":["GET"]}}],"collection":[{"href":"https:\/\/wildermuell-lebensgefahrfuertiere.de\/index.php\/wp-json\/wp\/v2\/pages"}],"about":[{"href":"https:\/\/wildermuell-lebensgefahrfuertiere.de\/index.php\/wp-json\/wp\/v2\/types\/page"}],"author":[{"embeddable":true,"href":"https:\/\/wildermuell-lebensgefahrfuertiere.de\/index.php\/wp-json\/wp\/v2\/users\/1"}],"replies":[{"embeddable":true,"href":"https:\/\/wildermuell-lebensgefahrfuertiere.de\/index.php\/wp-json\/wp\/v2\/comments?post=607"}],"version-history":[{"count":59,"href":"https:\/\/wildermuell-lebensgefahrfuertiere.de\/index.php\/wp-json\/wp\/v2\/pages\/607\/revisions"}],"predecessor-version":[{"id":3392,"href":"https:\/\/wildermuell-lebensgefahrfuertiere.de\/index.php\/wp-json\/wp\/v2\/pages\/607\/revisions\/3392"}],"wp:attachment":[{"href":"https:\/\/wildermuell-lebensgefahrfuertiere.de\/index.php\/wp-json\/wp\/v2\/media?parent=607"}],"wp:term":[{"taxonomy":"folder","embeddable":true,"href":"https:\/\/wildermuell-lebensgefahrfuertiere.de\/index.php\/wp-json\/wp\/v2\/folder?post=607"}],"curies":[{"name":"wp","href":"https:\/\/api.w.org\/{rel}","templated":true}]}}