{"id":8,"date":"2019-03-25T14:10:37","date_gmt":"2019-03-25T13:10:37","guid":{"rendered":"http:\/\/wildermuell-lebensgefahrfuertiere.de\/?page_id=8"},"modified":"2025-11-15T16:14:46","modified_gmt":"2025-11-15T15:14:46","slug":"startseite","status":"publish","type":"page","link":"https:\/\/wildermuell-lebensgefahrfuertiere.de\/","title":{"rendered":"Startseite"},"content":{"rendered":"<p>[et_pb_section fb_built=&#8220;1&#8243; custom_padding_last_edited=&#8220;on|phone&#8220; next_background_color=&#8220;#ffffff&#8220; admin_label=&#8220;Header&#8220; _builder_version=&#8220;4.16&#8243; use_background_color_gradient=&#8220;on&#8220; background_color_gradient_stops=&#8220;rgba(0,0,0,0) 0%|rgba(0,0,0,0.16) 100%&#8220; background_color_gradient_overlays_image=&#8220;on&#8220; background_color_gradient_start=&#8220;rgba(0,0,0,0)&#8220; background_color_gradient_end=&#8220;rgba(0,0,0,0.16)&#8220; background_image=&#8220;https:\/\/wildermuell-lebensgefahrfuertiere.de\/wp-content\/uploads\/2020\/04\/slider3.gif&#8220; custom_padding=&#8220;103px||12vw|||&#8220; custom_padding_tablet=&#8220;50px||&#8220; custom_padding_phone=&#8220;0px|||&#8220; top_divider_height=&#8220;105px&#8220; bottom_divider_style=&#8220;graph2&#8243; bottom_divider_height=&#8220;8.8vw&#8220; bottom_divider_repeat=&#8220;0x&#8220; bottom_divider_arrangement=&#8220;above_content&#8220; background_last_edited=&#8220;on|desktop&#8220; parallax_tablet=&#8220;off&#8220; parallax_phone=&#8220;off&#8220; global_colors_info=&#8220;{}&#8220;][et_pb_row _builder_version=&#8220;4.16&#8243; global_colors_info=&#8220;{}&#8220;][et_pb_column type=&#8220;4_4&#8243; _builder_version=&#8220;4.16&#8243; global_colors_info=&#8220;{}&#8220;][et_pb_text _builder_version=&#8220;4.16&#8243; text_font=&#8220;Anton||||||||&#8220; text_font_size=&#8220;50px&#8220; text_line_height=&#8220;1.8em&#8220; background_enable_color=&#8220;off&#8220; background_image=&#8220;https:\/\/wildermuell-lebensgefahrfuertiere.de\/wp-content\/uploads\/2020\/02\/food-bank_54-1yh.png&#8220; width=&#8220;46%&#8220; max_width=&#8220;59%&#8220; module_alignment=&#8220;right&#8220; height=&#8220;120px&#8220; custom_padding=&#8220;19px|0px||20px|false|false&#8220; border_radii=&#8220;off||||&#8220; border_style_all=&#8220;none&#8220; global_colors_info=&#8220;{}&#8220;]<\/p>\n<p style=\"text-align: center;\"><span style=\"color: #000000;\">WILDER M\u00dcLL<\/span><\/p>\n<p>[\/et_pb_text][et_pb_text _builder_version=&#8220;4.16&#8243; text_font=&#8220;Vollkorn||||||||&#8220; text_font_size=&#8220;58px&#8220; custom_margin=&#8220;0px||||false|false&#8220; custom_padding=&#8220;10px||||false|false&#8220; global_colors_info=&#8220;{}&#8220;]<\/p>\n<p style=\"text-align: right;\"><span style=\"color: #ffffff;\">Lebensgefahr f\u00fcr Tiere!<\/span><\/p>\n<p>[\/et_pb_text][\/et_pb_column][\/et_pb_row][\/et_pb_section][et_pb_section fb_built=&#8220;1&#8243; admin_label=&#8220;About&#8220; _builder_version=&#8220;4.16&#8243; custom_padding=&#8220;150px||150px||true|false&#8220; locked=&#8220;off&#8220; global_colors_info=&#8220;{}&#8220;][et_pb_row use_custom_gutter=&#8220;on&#8220; make_equal=&#8220;on&#8220; _builder_version=&#8220;4.16&#8243; module_alignment=&#8220;center&#8220; custom_padding=&#8220;||0px|||&#8220; global_colors_info=&#8220;{}&#8220;][et_pb_column type=&#8220;4_4&#8243; _builder_version=&#8220;4.16&#8243; custom_padding=&#8220;|||&#8220; global_colors_info=&#8220;{}&#8220; custom_padding__hover=&#8220;|||&#8220;][et_pb_text _builder_version=&#8220;4.16&#8243; text_font=&#8220;Anton|||on|||||&#8220; text_font_size=&#8220;39px&#8220; text_line_height=&#8220;1.5em&#8220; header_font=&#8220;||||||||&#8220; header_2_font=&#8220;Lora|700|||||||&#8220; header_2_font_size=&#8220;50px&#8220; header_2_line_height=&#8220;1.2em&#8220; background_color=&#8220;#29abd5&#8243; transform_scale_tablet=&#8220;&#8220; transform_scale_phone=&#8220;&#8220; transform_scale_last_edited=&#8220;on|desktop&#8220; transform_translate_tablet=&#8220;0px|0vw&#8220; transform_translate_phone=&#8220;&#8220; transform_translate_last_edited=&#8220;on|phone&#8220; transform_rotate_tablet=&#8220;&#8220; transform_rotate_phone=&#8220;&#8220; transform_rotate_last_edited=&#8220;on|desktop&#8220; transform_skew_tablet=&#8220;&#8220; transform_skew_phone=&#8220;&#8220; transform_skew_last_edited=&#8220;on|desktop&#8220; transform_origin_tablet=&#8220;&#8220; transform_origin_phone=&#8220;&#8220; transform_origin_last_edited=&#8220;on|desktop&#8220; z_index=&#8220;1&#8243; max_width=&#8220;840px&#8220; module_alignment=&#8220;left&#8220; min_height=&#8220;136px&#8220; custom_margin=&#8220;|||0px|false|false&#8220; custom_padding=&#8220;|||7px|false|false&#8220; text_font_size_tablet=&#8220;&#8220; text_font_size_phone=&#8220;16px&#8220; text_font_size_last_edited=&#8220;on|desktop&#8220; header_2_font_size_tablet=&#8220;&#8220; header_2_font_size_phone=&#8220;32px&#8220; header_2_font_size_last_edited=&#8220;on|desktop&#8220; locked=&#8220;off&#8220; inline_fonts=&#8220;Lora,Anton&#8220; global_colors_info=&#8220;{}&#8220;]<\/p>\n<p><span style=\"font-family: Anton; font-weight: normal; color: #ffffff;\"><strong>Jedes Jahr sterben Millionen Tiere<br \/>durch liegengelassenen M\u00fcll<\/strong><\/span><\/p>\n<p>[\/et_pb_text][\/et_pb_column][\/et_pb_row][et_pb_row column_structure=&#8220;1_2,1_2&#8243; use_custom_gutter=&#8220;on&#8220; make_equal=&#8220;on&#8220; _builder_version=&#8220;4.16&#8243; module_alignment=&#8220;center&#8220; global_colors_info=&#8220;{}&#8220;][et_pb_column type=&#8220;1_2&#8243; _builder_version=&#8220;4.16&#8243; custom_padding=&#8220;|||&#8220; global_colors_info=&#8220;{}&#8220; custom_padding__hover=&#8220;|||&#8220;][et_pb_text _builder_version=&#8220;4.16&#8243; text_font=&#8220;Lora||||||||&#8220; text_font_size=&#8220;20px&#8220; text_line_height=&#8220;2em&#8220; header_font=&#8220;||||||||&#8220; header_2_font=&#8220;Lora|700|||||||&#8220; header_2_font_size=&#8220;50px&#8220; header_2_line_height=&#8220;1.2em&#8220; transform_scale_tablet=&#8220;&#8220; transform_scale_phone=&#8220;&#8220; transform_scale_last_edited=&#8220;on|desktop&#8220; transform_translate_tablet=&#8220;0px|0vw&#8220; transform_translate_phone=&#8220;&#8220; transform_translate_last_edited=&#8220;on|phone&#8220; transform_rotate_tablet=&#8220;&#8220; transform_rotate_phone=&#8220;&#8220; transform_rotate_last_edited=&#8220;on|desktop&#8220; transform_skew_tablet=&#8220;&#8220; transform_skew_phone=&#8220;&#8220; transform_skew_last_edited=&#8220;on|desktop&#8220; transform_origin_tablet=&#8220;&#8220; transform_origin_phone=&#8220;&#8220; transform_origin_last_edited=&#8220;on|desktop&#8220; z_index=&#8220;1&#8243; max_width=&#8220;520px&#8220; module_alignment=&#8220;left&#8220; text_font_size_tablet=&#8220;&#8220; text_font_size_phone=&#8220;16px&#8220; text_font_size_last_edited=&#8220;on|desktop&#8220; header_2_font_size_tablet=&#8220;&#8220; header_2_font_size_phone=&#8220;32px&#8220; header_2_font_size_last_edited=&#8220;on|desktop&#8220; locked=&#8220;off&#8220; global_colors_info=&#8220;{}&#8220;]<\/p>\n<p>Helfen sie uns um diesen Missstand zu beseitigen.<\/p>\n<p>[\/et_pb_text][\/et_pb_column][et_pb_column type=&#8220;1_2&#8243; _builder_version=&#8220;4.16&#8243; custom_padding=&#8220;|||&#8220; global_colors_info=&#8220;{}&#8220; custom_padding__hover=&#8220;|||&#8220;][et_pb_text _builder_version=&#8220;4.16&#8243; text_font=&#8220;Lora||||||||&#8220; text_font_size=&#8220;20px&#8220; text_line_height=&#8220;2em&#8220; header_font=&#8220;||||||||&#8220; header_2_font=&#8220;Lora|700|||||||&#8220; header_2_font_size=&#8220;50px&#8220; header_2_line_height=&#8220;1.2em&#8220; transform_scale_tablet=&#8220;&#8220; transform_scale_phone=&#8220;&#8220; transform_scale_last_edited=&#8220;on|desktop&#8220; transform_translate_tablet=&#8220;0px|0vw&#8220; transform_translate_phone=&#8220;&#8220; transform_translate_last_edited=&#8220;on|phone&#8220; transform_rotate_tablet=&#8220;&#8220; transform_rotate_phone=&#8220;&#8220; transform_rotate_last_edited=&#8220;on|desktop&#8220; transform_skew_tablet=&#8220;&#8220; transform_skew_phone=&#8220;&#8220; transform_skew_last_edited=&#8220;on|desktop&#8220; transform_origin_tablet=&#8220;&#8220; transform_origin_phone=&#8220;&#8220; transform_origin_last_edited=&#8220;on|desktop&#8220; z_index=&#8220;1&#8243; max_width=&#8220;520px&#8220; module_alignment=&#8220;left&#8220; text_font_size_tablet=&#8220;&#8220; text_font_size_phone=&#8220;16px&#8220; text_font_size_last_edited=&#8220;on|desktop&#8220; header_2_font_size_tablet=&#8220;&#8220; header_2_font_size_phone=&#8220;32px&#8220; header_2_font_size_last_edited=&#8220;on|desktop&#8220; locked=&#8220;off&#8220; global_colors_info=&#8220;{}&#8220;]<\/p>\n<p>Auf unserer Webseite erfahren sie welche M\u00f6glichkeiten bestehen.<\/p>\n<p>[\/et_pb_text][\/et_pb_column][\/et_pb_row][et_pb_row column_structure=&#8220;1_3,1_3,1_3&#8243; _builder_version=&#8220;4.16&#8243; global_colors_info=&#8220;{}&#8220;][et_pb_column type=&#8220;1_3&#8243; _builder_version=&#8220;4.16&#8243; custom_padding=&#8220;|||&#8220; global_colors_info=&#8220;{}&#8220; custom_padding__hover=&#8220;|||&#8220;][et_pb_number_counter title=&#8220;LKWs mit toxischem Sonderm\u00fcll durch Kippen&#8220; number=&#8220;12.800&#8243; percent_sign=&#8220;off&#8220; _builder_version=&#8220;4.27.4&#8243; title_level=&#8220;h6&#8243; title_font=&#8220;Lora|700|||||||&#8220; title_font_size=&#8220;16px&#8220; title_line_height=&#8220;1.4em&#8220; number_font=&#8220;Lora|700|||||||&#8220; number_text_color=&#8220;#e94f2d&#8220; number_font_size=&#8220;72px&#8220; custom_margin=&#8220;||30px&#8220; custom_padding_phone=&#8220;10px||10px||true&#8220; custom_padding_last_edited=&#8220;off|desktop&#8220; title_font_size_tablet=&#8220;&#8220; title_font_size_phone=&#8220;&#8220; title_font_size_last_edited=&#8220;on|desktop&#8220; number_font_size_phone=&#8220;32px&#8220; number_font_size_last_edited=&#8220;off|phone&#8220; locked=&#8220;off&#8220; global_colors_info=&#8220;{}&#8220;][\/et_pb_number_counter][\/et_pb_column][et_pb_column type=&#8220;1_3&#8243; _builder_version=&#8220;4.16&#8243; custom_padding=&#8220;|||&#8220; global_colors_info=&#8220;{}&#8220; custom_padding__hover=&#8220;|||&#8220;][et_pb_number_counter title=&#8220;Kippen werden achtlos in der Natur entsorgt&#8220; number=&#8220;49.000.000.000&#8243; percent_sign=&#8220;off&#8220; _builder_version=&#8220;4.27.4&#8243; title_level=&#8220;h6&#8243; title_font=&#8220;Lora|700|||||||&#8220; title_font_size=&#8220;16px&#8220; title_line_height=&#8220;1.4em&#8220; number_font=&#8220;Lora|700|||||||&#8220; number_text_color=&#8220;#2db9dd&#8220; number_font_size=&#8220;47px&#8220; custom_margin=&#8220;||30px||false|false&#8220; custom_padding_phone=&#8220;10px||10px||true&#8220; custom_padding_last_edited=&#8220;off|desktop&#8220; number_font_size_phone=&#8220;32px&#8220; number_font_size_last_edited=&#8220;off|phone&#8220; locked=&#8220;off&#8220; global_colors_info=&#8220;{}&#8220;][\/et_pb_number_counter][\/et_pb_column][et_pb_column type=&#8220;1_3&#8243; _builder_version=&#8220;4.16&#8243; custom_padding=&#8220;|||&#8220; global_colors_info=&#8220;{}&#8220; custom_padding__hover=&#8220;|||&#8220;][et_pb_number_counter title=&#8220;Kubikmeter Kippenm\u00fcll jedes Jahr in Deutschland&#8220; number=&#8220;450.000&#8243; percent_sign=&#8220;off&#8220; _builder_version=&#8220;4.27.4&#8243; title_level=&#8220;h6&#8243; title_font=&#8220;Lora|700|||||||&#8220; title_font_size=&#8220;16px&#8220; title_line_height=&#8220;1.4em&#8220; number_font=&#8220;Lora|700|||||||&#8220; number_text_color=&#8220;#d24291 &#8220; number_font_size=&#8220;72px&#8220; custom_margin=&#8220;||30px&#8220; custom_padding_phone=&#8220;10px||10px||true&#8220; custom_padding_last_edited=&#8220;off|desktop&#8220; number_font_size_phone=&#8220;32px&#8220; number_font_size_last_edited=&#8220;off|phone&#8220; locked=&#8220;off&#8220; global_colors_info=&#8220;{}&#8220;][\/et_pb_number_counter][\/et_pb_column][\/et_pb_row][et_pb_row column_structure=&#8220;2_3,1_3&#8243; _builder_version=&#8220;4.27.4&#8243; _module_preset=&#8220;default&#8220; global_colors_info=&#8220;{}&#8220;][et_pb_column type=&#8220;2_3&#8243; _builder_version=&#8220;4.27.4&#8243; _module_preset=&#8220;default&#8220; global_colors_info=&#8220;{}&#8220;][et_pb_text _builder_version=&#8220;4.27.4&#8243; _module_preset=&#8220;default&#8220; global_colors_info=&#8220;{}&#8220;]<\/p>\n<h3>Unsere Top-Newsmeldungen:<\/h3>\n<p>[\/et_pb_text][et_pb_blog fullwidth=&#8220;off&#8220; posts_number=&#8220;4&#8243; include_categories=&#8220;28&#8243; show_more=&#8220;on&#8220; _builder_version=&#8220;4.27.4&#8243; _module_preset=&#8220;default&#8220; global_colors_info=&#8220;{}&#8220;][\/et_pb_blog][\/et_pb_column][et_pb_column type=&#8220;1_3&#8243; _builder_version=&#8220;4.27.4&#8243; _module_preset=&#8220;default&#8220; global_colors_info=&#8220;{}&#8220;][et_pb_text _builder_version=&#8220;4.27.4&#8243; _module_preset=&#8220;default&#8220; global_colors_info=&#8220;{}&#8220;]<\/p>\n<h3>Weitere Meldungen:<\/h3>\n<p>[\/et_pb_text][et_pb_blog posts_number=&#8220;2&#8243; include_categories=&#8220;42&#8243; _builder_version=&#8220;4.27.4&#8243; _module_preset=&#8220;default&#8220; hover_enabled=&#8220;0&#8243; global_colors_info=&#8220;{}&#8220; show_more=&#8220;on&#8220; sticky_enabled=&#8220;0&#8243;][\/et_pb_blog][et_pb_post_nav _builder_version=&#8220;4.27.4&#8243; _module_preset=&#8220;default&#8220; global_colors_info=&#8220;{}&#8220;][\/et_pb_post_nav][\/et_pb_column][\/et_pb_row][et_pb_row column_structure=&#8220;3_4,1_4&#8243; _builder_version=&#8220;4.16&#8243; _module_preset=&#8220;default&#8220; width=&#8220;90%&#8220; max_width=&#8220;1200px&#8220; global_colors_info=&#8220;{}&#8220;][et_pb_column type=&#8220;3_4&#8243; _builder_version=&#8220;4.16&#8243; _module_preset=&#8220;default&#8220; global_colors_info=&#8220;{}&#8220;][et_pb_blog fullwidth=&#8220;off&#8220; posts_number=&#8220;4&#8243; include_categories=&#8220;9&#8243; excerpt_length=&#8220;220&#8243; show_more=&#8220;on&#8220; _builder_version=&#8220;4.27.4&#8243; _module_preset=&#8220;default&#8220; link_option_url_new_window=&#8220;on&#8220; global_colors_info=&#8220;{}&#8220;][\/et_pb_blog][\/et_pb_column][et_pb_column type=&#8220;1_4&#8243; _builder_version=&#8220;4.16&#8243; _module_preset=&#8220;default&#8220; global_colors_info=&#8220;{}&#8220;][et_pb_image src=&#8220;https:\/\/wildermuell-lebensgefahrfuertiere.de\/wp-content\/uploads\/2025\/05\/spenden_teaser.png&#8220; title_text=&#8220;spenden_teaser&#8220; url=&#8220;https:\/\/wildermuell-lebensgefahrfuertiere.de\/index.php\/spenden\/&#8220; _builder_version=&#8220;4.27.4&#8243; _module_preset=&#8220;default&#8220; global_colors_info=&#8220;{}&#8220;][\/et_pb_image][et_pb_image src=&#8220;https:\/\/wildermuell-lebensgefahrfuertiere.de\/wp-content\/uploads\/2021\/10\/lass_uns_ein_gutes_zuhause_finden_titelseite_Nachhaltigkeitspreis_WEB_608x609.png&#8220; title_text=&#8220;lass_uns_ein_gutes_zuhause_finden_titelseite_Nachhaltigkeitspreis_WEB_608x609&#8243; url=&#8220;https:\/\/wildermuell-lebensgefahrfuertiere.de\/index.php\/das-buch-bezugsquellen\/&#8220; _builder_version=&#8220;4.27.4&#8243; _module_preset=&#8220;default&#8220; global_colors_info=&#8220;{}&#8220;][\/et_pb_image][et_pb_text _builder_version=&#8220;4.27.4&#8243; _module_preset=&#8220;default&#8220; background_color=&#8220;#f4f4d2&#8243; custom_margin=&#8220;-29px||||false|false&#8220; custom_padding=&#8220;11px|11px|11px|11px|false|false&#8220; link_option_url=&#8220;https:\/\/wildermuell-lebensgefahrfuertiere.de\/index.php\/das-buch-bezugsquellen\/&#8220; global_colors_info=&#8220;{}&#8220;]<\/p>\n<h3 class=\"et_pb_module_header\"><a href=\"https:\/\/wildermuell-lebensgefahrfuertiere.de\/index.php\/das-buch-bezugsquellen\/\" target=\"_blank\" rel=\"noopener\">Ihnen gef\u00e4llt unser Buch?<\/a><\/h3>\n<div class=\"et_pb_blurb_description\">\n<p><span>Alle Bezugsquellen zu unserem Buch \u201eLass uns ein gutes Zuhause finden\u201c lesen sie in diesem Beitrag.<\/span><\/p>\n<p><span><\/span><\/p>\n<table style=\"height: 50px; width: 65%; border-collapse: collapse; border-style: solid; border-color: #000000; background-color: #2db9dd; margin-left: auto; margin-right: auto;\" border=\"2\" height=\"50\">\n<tbody>\n<tr>\n<td style=\"width: 100%;\">\n<h4><a href=\"https:\/\/wildermuell-lebensgefahrfuertiere.de\/index.php\/das-buch-bezugsquellen\/\"><strong><span style=\"color: #ffffff;\">Bezugsquellen<\/span><\/strong><\/a><\/h4>\n<\/td>\n<\/tr>\n<\/tbody>\n<\/table>\n<\/div>\n<p>[\/et_pb_text][et_pb_image src=&#8220;https:\/\/wildermuell-lebensgefahrfuertiere.de\/wp-content\/uploads\/2024\/11\/was_gehoert_nicht_in_den_wald_preview.png&#8220; title_text=&#8220;was_gehoert_nicht_in_den_wald_preview&#8220; url=&#8220;https:\/\/wildermuell-lebensgefahrfuertiere.de\/index.php\/was-gehoert-nicht-in-den-wald\/&#8220; _builder_version=&#8220;4.27.4&#8243; _module_preset=&#8220;default&#8220; global_colors_info=&#8220;{}&#8220;][\/et_pb_image][et_pb_text _builder_version=&#8220;4.27.4&#8243; _module_preset=&#8220;default&#8220; background_color=&#8220;#f4f4d2&#8243; custom_margin=&#8220;-29px||||false|false&#8220; custom_padding=&#8220;11px|11px|11px|11px|false|false&#8220; link_option_url=&#8220;https:\/\/wildermuell-lebensgefahrfuertiere.de\/index.php\/was-gehoert-nicht-in-den-wald\/&#8220; global_colors_info=&#8220;{}&#8220;]<\/p>\n<h3>Was geh\u00f6rt nicht in den Wald?<\/h3>\n<p>Ein kleines Spiel f\u00fcr junge M\u00fcllexpert:innen und solche die es werden m\u00f6chten.<\/p>\n<table style=\"height: 50px; width: 85%; border-collapse: collapse; border-style: solid; border-color: #000000; background-color: #2db9dd; margin-left: auto; margin-right: auto;\" border=\"2\" height=\"50\">\n<tbody>\n<tr>\n<td style=\"width: 100%;\">\n<h4><a href=\"https:\/\/wildermuell-lebensgefahrfuertiere.de\/index.php\/was-gehoert-nicht-in-den-wald\/\"><strong><span style=\"color: #ffffff;\">Jetzt spielen!<\/span><\/strong><\/a><\/h4>\n<\/td>\n<\/tr>\n<\/tbody>\n<\/table>\n<p>[\/et_pb_text][\/et_pb_column][\/et_pb_row][\/et_pb_section][et_pb_section fb_built=&#8220;1&#8243; prev_background_color=&#8220;#ffffff&#8220; admin_label=&#8220;Stats&#8220; _builder_version=&#8220;4.16&#8243; background_color=&#8220;#000000&#8243; min_height=&#8220;588px&#8220; custom_margin=&#8220;||0px||false|false&#8220; custom_padding=&#8220;191px||0px||false|false&#8220; top_divider_style=&#8220;graph2&#8243; top_divider_height=&#8220;138px&#8220; global_colors_info=&#8220;{}&#8220;][et_pb_row column_structure=&#8220;4_4,1_3&#8243; use_custom_gutter=&#8220;on&#8220; make_equal=&#8220;on&#8220; _builder_version=&#8220;4.16&#8243; locked=&#8220;off&#8220; global_colors_info=&#8220;{}&#8220;][et_pb_column type=&#8220;4_4&#8243; _builder_version=&#8220;4.16&#8243; custom_padding=&#8220;|||&#8220; global_colors_info=&#8220;{}&#8220; custom_padding__hover=&#8220;|||&#8220;][et_pb_divider color=&#8220;#d24291&#8243; divider_weight=&#8220;73px&#8220; _builder_version=&#8220;4.16&#8243; z_index=&#8220;-10&#8243; width=&#8220;930px&#8220; max_width=&#8220;1200px&#8220; height=&#8220;40px&#8220; custom_margin=&#8220;|-460px|69px|-40px|false|false&#8220; custom_padding=&#8220;|0px||||&#8220; global_colors_info=&#8220;{}&#8220;][\/et_pb_divider][et_pb_divider color=&#8220;#d24291&#8243; divider_position=&#8220;bottom&#8220; divider_weight=&#8220;62px&#8220; _builder_version=&#8220;4.16&#8243; z_index=&#8220;-1&#8243; width=&#8220;93%&#8220; custom_margin=&#8220;40px||60px|-40px|false|false&#8220; custom_padding=&#8220;0px||0px||false|false&#8220; global_colors_info=&#8220;{}&#8220;][\/et_pb_divider][et_pb_text _builder_version=&#8220;4.16&#8243; text_font=&#8220;Anton||||||||&#8220; text_font_size=&#8220;46px&#8220; text_line_height=&#8220;1.3em&#8220; header_font=&#8220;||||||||&#8220; header_font_size=&#8220;40px&#8220; header_line_height=&#8220;1.5em&#8220; header_2_font=&#8220;Lora|700|||||||&#8220; header_2_font_size=&#8220;60px&#8220; header_2_line_height=&#8220;1.2em&#8220; z_index=&#8220;1&#8243; width=&#8220;1000px&#8220; module_alignment=&#8220;left&#8220; custom_margin=&#8220;-180px|0px|0px||false|false&#8220; custom_padding=&#8220;|0px||||&#8220; text_font_size_tablet=&#8220;&#8220; text_font_size_phone=&#8220;16px&#8220; text_font_size_last_edited=&#8220;on|desktop&#8220; header_2_font_size_tablet=&#8220;48px&#8220; header_2_font_size_phone=&#8220;32px&#8220; header_2_font_size_last_edited=&#8220;on|tablet&#8220; global_colors_info=&#8220;{}&#8220;]<\/p>\n<p><span style=\"color: #ffffff;\">BITTE HELFT MIT, DASS TIERE NICHT MEHR<br \/> SO QUALVOLL VERENDEN M\u00dcSSEN<\/span><\/p>\n<p>[\/et_pb_text][\/et_pb_column][et_pb_column type=&#8220;1_3&#8243; _builder_version=&#8220;4.16&#8243; custom_padding=&#8220;|||&#8220; global_colors_info=&#8220;{}&#8220; custom_padding__hover=&#8220;|||&#8220;][\/et_pb_column][\/et_pb_row][et_pb_row _builder_version=&#8220;4.16&#8243; z_index=&#8220;-2&#8243; custom_padding=&#8220;|||1px||&#8220; locked=&#8220;off&#8220; global_colors_info=&#8220;{}&#8220;][et_pb_column type=&#8220;4_4&#8243; _builder_version=&#8220;4.16&#8243; global_colors_info=&#8220;{}&#8220;][et_pb_divider color=&#8220;#ffffff&#8220; divider_weight=&#8220;45px&#8220; _builder_version=&#8220;4.16&#8243; z_index=&#8220;-1&#8243; width=&#8220;55%&#8220; custom_margin=&#8220;-70px|||-40px|false|false&#8220; locked=&#8220;off&#8220; global_colors_info=&#8220;{}&#8220;][\/et_pb_divider][et_pb_text _builder_version=&#8220;4.16&#8243; text_font=&#8220;Lora||||||||&#8220; text_font_size=&#8220;22px&#8220; z_index=&#8220;1&#8243; custom_margin=&#8220;-45px||||false|false&#8220; global_colors_info=&#8220;{}&#8220;]<\/p>\n<p><span style=\"color: #000000;\"><strong>So kannst auch Du etwas tun:<\/strong><\/span><\/p>\n<p>[\/et_pb_text][\/et_pb_column][\/et_pb_row][et_pb_row column_structure=&#8220;1_3,1_3,1_3&#8243; _builder_version=&#8220;4.16&#8243; custom_margin=&#8220;83px||||false|false&#8220; global_colors_info=&#8220;{}&#8220;][et_pb_column type=&#8220;1_3&#8243; _builder_version=&#8220;4.16&#8243; custom_padding=&#8220;|||&#8220; global_colors_info=&#8220;{}&#8220; custom_padding__hover=&#8220;|||&#8220;][et_pb_text _builder_version=&#8220;4.16&#8243; text_font_size=&#8220;16px&#8220; text_line_height=&#8220;2em&#8220; header_font=&#8220;||||||||&#8220; header_4_font=&#8220;Lora|700|||||||&#8220; header_4_text_color=&#8220;#74ba57&#8243; header_4_font_size=&#8220;20px&#8220; header_4_line_height=&#8220;1.2em&#8220; width_tablet=&#8220;auto&#8220; width_phone=&#8220;auto&#8220; width_last_edited=&#8220;on|desktop&#8220; global_colors_info=&#8220;{}&#8220;]<\/p>\n<h4>Weniger M\u00fcll<\/h4>\n<p><span style=\"color: #ffffff;\">Der beste M\u00fcll ist der der erst gar nicht entsteht. Nachhaltigkeit ist das Gebot der Stunde. Verwenden sie ggf. receyclingf\u00e4hige Materialien.<\/span><\/p>\n<p>[\/et_pb_text][\/et_pb_column][et_pb_column type=&#8220;1_3&#8243; _builder_version=&#8220;4.16&#8243; custom_padding=&#8220;|||&#8220; global_colors_info=&#8220;{}&#8220; custom_padding__hover=&#8220;|||&#8220;][et_pb_text _builder_version=&#8220;4.16&#8243; text_font_size=&#8220;16px&#8220; text_line_height=&#8220;2em&#8220; header_font=&#8220;||||||||&#8220; header_4_font=&#8220;Lora|700|||||||&#8220; header_4_text_color=&#8220;#74ba57&#8243; header_4_font_size=&#8220;20px&#8220; header_4_line_height=&#8220;1.2em&#8220; global_colors_info=&#8220;{}&#8220;]<\/p>\n<h4>Fachgerechte Abfallentsorgung<\/h4>\n<p><span style=\"color: #ffffff;\">Entsorgen sie den M\u00fcll nicht in der Landschaft, sondern \u00fcber den vorgesehenen Weg.<\/span><\/p>\n<p>[\/et_pb_text][\/et_pb_column][et_pb_column type=&#8220;1_3&#8243; _builder_version=&#8220;4.16&#8243; custom_padding=&#8220;|||&#8220; global_colors_info=&#8220;{}&#8220; custom_padding__hover=&#8220;|||&#8220;][et_pb_text _builder_version=&#8220;4.16&#8243; text_font_size=&#8220;16px&#8220; text_line_height=&#8220;2em&#8220; header_font=&#8220;||||||||&#8220; header_4_font=&#8220;Lora|700|||||||&#8220; header_4_text_color=&#8220;#74ba57&#8243; header_4_font_size=&#8220;20px&#8220; header_4_line_height=&#8220;1.2em&#8220; locked=&#8220;off&#8220; global_colors_info=&#8220;{}&#8220;]<\/p>\n<h4>Helfen sie bei der Bereinigung der Natur<\/h4>\n<p><span style=\"color: #ffffff;\">Sehen sie wilden M\u00fcll? Auch wenn andere ihn dort hinterlassen haben, helfen sie bei der Beseitigung oder melden sie es den Ordnungsbeh\u00f6rden.<\/span><\/p>\n<p>[\/et_pb_text][\/et_pb_column][\/et_pb_row][\/et_pb_section][et_pb_section fb_built=&#8220;1&#8243; fullwidth=&#8220;on&#8220; _builder_version=&#8220;4.16&#8243; top_divider_style=&#8220;graph2&#8243; top_divider_color=&#8220;rgba(0,0,0,0)&#8220; locked=&#8220;off&#8220; global_colors_info=&#8220;{}&#8220;][et_pb_fullwidth_image _builder_version=&#8220;4.16&#8243; min_height=&#8220;0px&#8220; global_colors_info=&#8220;{}&#8220;][\/et_pb_fullwidth_image][\/et_pb_section]<\/p>\n","protected":false},"excerpt":{"rendered":"<p>WILDER M\u00dcLLLebensgefahr f\u00fcr Tiere!Jedes Jahr sterben Millionen Tieredurch liegengelassenen M\u00fcllHelfen sie uns um diesen Missstand zu beseitigen.Auf unserer Webseite erfahren sie welche M\u00f6glichkeiten bestehen.Unsere Top-Newsmeldungen:Weitere Meldungen:Ihnen gef\u00e4llt unser Buch? Alle Bezugsquellen zu unserem Buch \u201eLass uns ein gutes Zuhause finden\u201c lesen sie in diesem Beitrag. Bezugsquellen Was geh\u00f6rt nicht in den Wald? Ein kleines Spiel [&hellip;]<\/p>\n","protected":false},"author":1,"featured_media":0,"parent":0,"menu_order":0,"comment_status":"closed","ping_status":"closed","template":"","meta":{"_et_pb_use_builder":"on","_et_pb_old_content":"Willkommen auf unserer Website! Danke f\u00fcr ihren Besuch. Wir sind dabei unser Internetportal zu \u00fcberarbeiten. Bitte besuchen sie uns bald wieder.","_et_gb_content_width":"","footnotes":""},"folder":[],"class_list":["post-8","page","type-page","status-publish","hentry"],"_links":{"self":[{"href":"https:\/\/wildermuell-lebensgefahrfuertiere.de\/index.php\/wp-json\/wp\/v2\/pages\/8","targetHints":{"allow":["GET"]}}],"collection":[{"href":"https:\/\/wildermuell-lebensgefahrfuertiere.de\/index.php\/wp-json\/wp\/v2\/pages"}],"about":[{"href":"https:\/\/wildermuell-lebensgefahrfuertiere.de\/index.php\/wp-json\/wp\/v2\/types\/page"}],"author":[{"embeddable":true,"href":"https:\/\/wildermuell-lebensgefahrfuertiere.de\/index.php\/wp-json\/wp\/v2\/users\/1"}],"replies":[{"embeddable":true,"href":"https:\/\/wildermuell-lebensgefahrfuertiere.de\/index.php\/wp-json\/wp\/v2\/comments?post=8"}],"version-history":[{"count":158,"href":"https:\/\/wildermuell-lebensgefahrfuertiere.de\/index.php\/wp-json\/wp\/v2\/pages\/8\/revisions"}],"predecessor-version":[{"id":3407,"href":"https:\/\/wildermuell-lebensgefahrfuertiere.de\/index.php\/wp-json\/wp\/v2\/pages\/8\/revisions\/3407"}],"wp:attachment":[{"href":"https:\/\/wildermuell-lebensgefahrfuertiere.de\/index.php\/wp-json\/wp\/v2\/media?parent=8"}],"wp:term":[{"taxonomy":"folder","embeddable":true,"href":"https:\/\/wildermuell-lebensgefahrfuertiere.de\/index.php\/wp-json\/wp\/v2\/folder?post=8"}],"curies":[{"name":"wp","href":"https:\/\/api.w.org\/{rel}","templated":true}]}}